{"id":19354,"date":"2025-03-19T14:59:10","date_gmt":"2025-03-19T13:59:10","guid":{"rendered":"https:\/\/limage-et-le-livre.com\/boutique\/uncategorized\/freemasonry-in-haute-savoie\/"},"modified":"2025-03-20T14:20:59","modified_gmt":"2025-03-20T13:20:59","slug":"freemasonry-in-haute-savoie","status":"publish","type":"product","link":"https:\/\/limage-et-le-livre.com\/en\/books\/history-of-ideas\/freemasonry-in-haute-savoie\/","title":{"rendered":"Freemasonry in Haute-Savoie"},"content":{"rendered":"<p>Annecy, V. Roche, 1913; in-12 paperback, 110 pages. Printed cover and spine. Bends to lower corner of upper cover, spine and text else internally clean. Documents pour servir \u00e0 l&#8217;histoire d&#8217;une soci\u00e9t\u00e9 secr\u00e8te dans ce d\u00e9partement. Anti-Masonic book by Abb\u00e9 Tissot.    <\/p>\n<div id=\"gtx-trans\" style=\"position: absolute; left: -67px; top: -10px;\">\n<div class=\"gtx-trans-icon\"><\/div>\n<\/div>\n","protected":false},"excerpt":{"rendered":"<p>Freemasonry in Haute-Savoie. [Tissot (Abb\u00e9)]. 1913. <\/p>\n","protected":false},"featured_media":12720,"template":"","meta":[],"product_brand":[],"product_cat":[5342,5357],"product_tag":[],"class_list":{"0":"post-19354","1":"product","2":"type-product","3":"status-publish","4":"has-post-thumbnail","6":"product_cat-books","7":"product_cat-history-of-ideas","8":"pa_annee-de-publication-1913-en","9":"pa_dimension-in-12-en","10":"pa_editeur-v-roche-en","11":"pa_etat-de-conservation-good","12":"pa_langue-french","13":"pa_lieu-de-publication-annecy-en","14":"pa_type-couverture-soft-cover","16":"first","17":"outofstock","18":"purchasable","19":"product-type-simple"},"_links":{"self":[{"href":"https:\/\/limage-et-le-livre.com\/en\/wp-json\/wp\/v2\/product\/19354","targetHints":{"allow":["GET"]}}],"collection":[{"href":"https:\/\/limage-et-le-livre.com\/en\/wp-json\/wp\/v2\/product"}],"about":[{"href":"https:\/\/limage-et-le-livre.com\/en\/wp-json\/wp\/v2\/types\/product"}],"version-history":[{"count":0,"href":"https:\/\/limage-et-le-livre.com\/en\/wp-json\/wp\/v2\/product\/19354\/revisions"}],"wp:featuredmedia":[{"embeddable":true,"href":"https:\/\/limage-et-le-livre.com\/en\/wp-json\/wp\/v2\/media\/12720"}],"wp:attachment":[{"href":"https:\/\/limage-et-le-livre.com\/en\/wp-json\/wp\/v2\/media?parent=19354"}],"wp:term":[{"taxonomy":"product_brand","embeddable":true,"href":"https:\/\/limage-et-le-livre.com\/en\/wp-json\/wp\/v2\/product_brand?post=19354"},{"taxonomy":"product_cat","embeddable":true,"href":"https:\/\/limage-et-le-livre.com\/en\/wp-json\/wp\/v2\/product_cat?post=19354"},{"taxonomy":"product_tag","embeddable":true,"href":"https:\/\/limage-et-le-livre.com\/en\/wp-json\/wp\/v2\/product_tag?post=19354"}],"curies":[{"name":"wp","href":"https:\/\/api.w.org\/{rel}","templated":true}]}}