{"id":19367,"date":"2025-03-19T14:59:18","date_gmt":"2025-03-19T13:59:18","guid":{"rendered":"https:\/\/limage-et-le-livre.com\/boutique\/uncategorized\/das-feuerloschwesen-zu-hagenau-in-alter-und-neuer-zeit\/"},"modified":"2025-03-20T14:15:35","modified_gmt":"2025-03-20T13:15:35","slug":"das-feuerloschwesen-zu-hagenau-in-alter-und-neuer-zeit","status":"publish","type":"product","link":"https:\/\/limage-et-le-livre.com\/en\/books\/alsatique-en\/das-feuerloschwesen-zu-hagenau-in-alter-und-neuer-zeit\/","title":{"rendered":"Das Feuerl\u00f6schwesen zu Hagenau in alter..."},"content":{"rendered":"<p>Haguenau (Hagenau), Druckerei der &#8220;Hagenauer Zeitung&#8221;, s.d. (circa 1900). In-8, 85 pages. Bradel-style red half cloth, gilt title and author on front cover, smooth spine. Spine unstained, rubbing to vat paper. Original front cover preserved. Kl\u00e9l\u00e9 was &#8220;Oberbrand Meister&#8221;, fire officer in Haguenau. A good bound copy of this rare work.      <\/p>\n<div id=\"gtx-trans\" style=\"position: absolute; left: -67px; top: -10px;\">\n<div class=\"gtx-trans-icon\"><\/div>\n<\/div>\n","protected":false},"excerpt":{"rendered":"<p>Das Feuerl\u00f6schwesen zu Hagenau in alter und neuer Zeit. Kl\u00e9l\u00e9 (Joseph). Circa 1900. <\/p>\n","protected":false},"featured_media":12761,"template":"","meta":[],"product_brand":[],"product_cat":[5375,5342],"product_tag":[5562,5561,5619],"class_list":{"0":"post-19367","1":"product","2":"type-product","3":"status-publish","4":"has-post-thumbnail","6":"product_cat-alsatique-en","7":"product_cat-books","8":"product_tag-alsace-en","9":"product_tag-alsatique-en","10":"product_tag-haguenau-en","11":"pa_annee-de-publication-1900-en","12":"pa_dimension-in-8-en","13":"pa_editeur-druckerei-der-hagenauer-zeitung-printing-house-of-the-hagenauer-zeitung","14":"pa_etat-de-conservation-good","15":"pa_langue-german","16":"pa_lieu-de-publication-haguenau-hagenau-en","17":"pa_type-couverture-hard-cover","19":"first","20":"outofstock","21":"purchasable","22":"product-type-simple"},"_links":{"self":[{"href":"https:\/\/limage-et-le-livre.com\/en\/wp-json\/wp\/v2\/product\/19367","targetHints":{"allow":["GET"]}}],"collection":[{"href":"https:\/\/limage-et-le-livre.com\/en\/wp-json\/wp\/v2\/product"}],"about":[{"href":"https:\/\/limage-et-le-livre.com\/en\/wp-json\/wp\/v2\/types\/product"}],"version-history":[{"count":0,"href":"https:\/\/limage-et-le-livre.com\/en\/wp-json\/wp\/v2\/product\/19367\/revisions"}],"wp:featuredmedia":[{"embeddable":true,"href":"https:\/\/limage-et-le-livre.com\/en\/wp-json\/wp\/v2\/media\/12761"}],"wp:attachment":[{"href":"https:\/\/limage-et-le-livre.com\/en\/wp-json\/wp\/v2\/media?parent=19367"}],"wp:term":[{"taxonomy":"product_brand","embeddable":true,"href":"https:\/\/limage-et-le-livre.com\/en\/wp-json\/wp\/v2\/product_brand?post=19367"},{"taxonomy":"product_cat","embeddable":true,"href":"https:\/\/limage-et-le-livre.com\/en\/wp-json\/wp\/v2\/product_cat?post=19367"},{"taxonomy":"product_tag","embeddable":true,"href":"https:\/\/limage-et-le-livre.com\/en\/wp-json\/wp\/v2\/product_tag?post=19367"}],"curies":[{"name":"wp","href":"https:\/\/api.w.org\/{rel}","templated":true}]}}