{"id":19376,"date":"2025-03-19T14:59:22","date_gmt":"2025-03-19T13:59:22","guid":{"rendered":"https:\/\/limage-et-le-livre.com\/boutique\/uncategorized\/festschrift-der-hagenauer-sankt-georgskirche-und-pfarrei-followed-by-zur-baugeschichte-der-sankt-georgskirche-in-haguenau\/"},"modified":"2025-03-20T14:16:15","modified_gmt":"2025-03-20T13:16:15","slug":"festschrift-der-hagenauer-sankt-georgskirche-und-pfarrei-followed-by-zur-baugeschichte-der-sankt-georgskirche-in-haguenau","status":"publish","type":"product","link":"https:\/\/limage-et-le-livre.com\/en\/books\/festschrift-der-hagenauer-sankt-georgskirche-und-pfarrei-followed-by-zur-baugeschichte-der-sankt-georgskirche-in-haguenau\/","title":{"rendered":"Festschrift der Hagenauer Sankt-Georgskirche und-Pfarrei, (followed..."},"content":{"rendered":"<p>[Haguenau]. Two works in one volume.  Haguenau, Imprimerie de Haguenau, 1930 &#8211; 1937 . In-4 with 48 pages and 29 pages. Burgundy half-maroquin with corners, 5-rib spine decorated with gilt fleurons, gilt authors and title, date on tail. Very slight soiling to marbled paper on upper cover. Off-text illustrations for both books. Adolphe Dollmeyer&#8217;s &#8220;Zur Baugeschichte der Sank-Georgskirche in Hagenau&#8221; is taken from Bulletin de la Soci\u00e9t\u00e9 d&#8217;Histoire et d&#8217;Arch\u00e9ologie de Haguenau, 1930\/32. Covers of both books preserved. Very fine binding by Farraire.       <\/p>\n<div id=\"gtx-trans\" style=\"position: absolute; left: -67px; top: -10px;\">\n<div class=\"gtx-trans-icon\"><\/div>\n<\/div>\n","protected":false},"excerpt":{"rendered":"<p>Festschrift der Hagenauer Sankt-Georgskirche und-Pfarrei. Gromer. Dollmeyer. 1937.   <\/p>\n","protected":false},"featured_media":12780,"template":"","meta":[],"product_brand":[],"product_cat":[5342],"product_tag":[5562,5561,5617,5619],"class_list":{"0":"post-19376","1":"product","2":"type-product","3":"status-publish","4":"has-post-thumbnail","6":"product_cat-books","7":"product_tag-alsace-en","8":"product_tag-alsatique-en","9":"product_tag-architecture-en","10":"product_tag-haguenau-en","11":"pa_annee-de-publication-1937-en","12":"pa_dimension-in-4-en","13":"pa_editeur-haguenau-printing-works","14":"pa_etat-de-conservation-very-good","15":"pa_langue-german","16":"pa_lieu-de-publication-haguenau-en","17":"pa_type-couverture-hard-cover","19":"first","20":"instock","21":"purchasable","22":"product-type-simple"},"_links":{"self":[{"href":"https:\/\/limage-et-le-livre.com\/en\/wp-json\/wp\/v2\/product\/19376","targetHints":{"allow":["GET"]}}],"collection":[{"href":"https:\/\/limage-et-le-livre.com\/en\/wp-json\/wp\/v2\/product"}],"about":[{"href":"https:\/\/limage-et-le-livre.com\/en\/wp-json\/wp\/v2\/types\/product"}],"version-history":[{"count":0,"href":"https:\/\/limage-et-le-livre.com\/en\/wp-json\/wp\/v2\/product\/19376\/revisions"}],"wp:featuredmedia":[{"embeddable":true,"href":"https:\/\/limage-et-le-livre.com\/en\/wp-json\/wp\/v2\/media\/12780"}],"wp:attachment":[{"href":"https:\/\/limage-et-le-livre.com\/en\/wp-json\/wp\/v2\/media?parent=19376"}],"wp:term":[{"taxonomy":"product_brand","embeddable":true,"href":"https:\/\/limage-et-le-livre.com\/en\/wp-json\/wp\/v2\/product_brand?post=19376"},{"taxonomy":"product_cat","embeddable":true,"href":"https:\/\/limage-et-le-livre.com\/en\/wp-json\/wp\/v2\/product_cat?post=19376"},{"taxonomy":"product_tag","embeddable":true,"href":"https:\/\/limage-et-le-livre.com\/en\/wp-json\/wp\/v2\/product_tag?post=19376"}],"curies":[{"name":"wp","href":"https:\/\/api.w.org\/{rel}","templated":true}]}}