{"id":19386,"date":"2025-03-19T14:59:24","date_gmt":"2025-03-19T13:59:24","guid":{"rendered":"https:\/\/limage-et-le-livre.com\/boutique\/uncategorized\/gathgenss-hamburger-variete-und-burlesken-ensemble-6-original-thalias\/"},"modified":"2025-03-19T14:59:24","modified_gmt":"2025-03-19T13:59:24","slug":"gathgenss-hamburger-variete-und-burlesken-ensemble-6-original-thalias","status":"publish","type":"product","link":"https:\/\/limage-et-le-livre.com\/en\/varia-en\/postcards\/gathgenss-hamburger-variete-und-burlesken-ensemble-6-original-thalias\/","title":{"rendered":"G\u00e4thgens&#8217;s hamburger Vari\u00e9t\u00e9 und Burlesken Ensemble...."},"content":{"rendered":"<p>G\u00e4thgens&#8217;s hamburger Vari\u00e9t\u00e9 und Burlesken Ensemble. 6 Original Thalias. Antique postcard, early 20th century.  <\/p>\n<div id=\"gtx-trans\" style=\"position: absolute; left: -67px; top: -10px;\">\n<div class=\"gtx-trans-icon\"><\/div>\n<\/div>\n","protected":false},"excerpt":{"rendered":"<p>G\u00e4thgens&#8217;s hamburger Vari\u00e9t\u00e9 und Burlesken Ensemble. 6 Original Thalias. <\/p>\n","protected":false},"featured_media":12784,"template":"","meta":[],"product_brand":[],"product_cat":[5479,5386,5451],"product_tag":[],"class_list":{"0":"post-19386","1":"product","2":"type-product","3":"status-publish","4":"has-post-thumbnail","6":"product_cat-postcards","7":"product_cat-prints-and-engravings","8":"product_cat-varia-en","9":"pa_etat-de-conservation-good","10":"pa_langue-german","11":"pa_type-couverture-no-cover","13":"first","14":"instock","15":"purchasable","16":"product-type-simple"},"_links":{"self":[{"href":"https:\/\/limage-et-le-livre.com\/en\/wp-json\/wp\/v2\/product\/19386","targetHints":{"allow":["GET"]}}],"collection":[{"href":"https:\/\/limage-et-le-livre.com\/en\/wp-json\/wp\/v2\/product"}],"about":[{"href":"https:\/\/limage-et-le-livre.com\/en\/wp-json\/wp\/v2\/types\/product"}],"version-history":[{"count":0,"href":"https:\/\/limage-et-le-livre.com\/en\/wp-json\/wp\/v2\/product\/19386\/revisions"}],"wp:featuredmedia":[{"embeddable":true,"href":"https:\/\/limage-et-le-livre.com\/en\/wp-json\/wp\/v2\/media\/12784"}],"wp:attachment":[{"href":"https:\/\/limage-et-le-livre.com\/en\/wp-json\/wp\/v2\/media?parent=19386"}],"wp:term":[{"taxonomy":"product_brand","embeddable":true,"href":"https:\/\/limage-et-le-livre.com\/en\/wp-json\/wp\/v2\/product_brand?post=19386"},{"taxonomy":"product_cat","embeddable":true,"href":"https:\/\/limage-et-le-livre.com\/en\/wp-json\/wp\/v2\/product_cat?post=19386"},{"taxonomy":"product_tag","embeddable":true,"href":"https:\/\/limage-et-le-livre.com\/en\/wp-json\/wp\/v2\/product_tag?post=19386"}],"curies":[{"name":"wp","href":"https:\/\/api.w.org\/{rel}","templated":true}]}}