{"id":19400,"date":"2025-03-19T14:59:29","date_gmt":"2025-03-19T13:59:29","guid":{"rendered":"https:\/\/limage-et-le-livre.com\/boutique\/uncategorized\/essai-sur-les-donnees-immediates-de-la-conscience-followed-by-matiere-et-memoire-followed-by-levolution-creatrice\/"},"modified":"2025-03-20T14:16:18","modified_gmt":"2025-03-20T13:16:18","slug":"essai-sur-les-donnees-immediates-de-la-conscience-followed-by-matiere-et-memoire-followed-by-levolution-creatrice","status":"publish","type":"product","link":"https:\/\/limage-et-le-livre.com\/en\/books\/history-of-ideas\/essai-sur-les-donnees-immediates-de-la-conscience-followed-by-matiere-et-memoire-followed-by-levolution-creatrice\/","title":{"rendered":"Essai sur les donn\u00e9es imm\u00e9diates de..."},"content":{"rendered":"<p>Paris, F\u00e9lix Alcan, 1908 &#8211; 1910; 3 volumes in-8 with VIII and 184, III and 279, VIII and 403 pages. Half red cloth with corners, gilt filets, author and tomaison on spine. Some marginal annotations in pencil.  <\/p>\n<div id=\"gtx-trans\" style=\"position: absolute; left: -67px; top: -10px;\">\n<div class=\"gtx-trans-icon\"><\/div>\n<\/div>\n","protected":false},"excerpt":{"rendered":"<p>Essai sur les donn\u00e9es imm\u00e9diates de la conscience (followed by) Mati\u00e8re et m\u00e9moire (followed by) L&#8217;Evolution cr\u00e9atrice. Bergson (Henri). 1908 &#8211; 1910.  <\/p>\n","protected":false},"featured_media":12822,"template":"","meta":[],"product_brand":[],"product_cat":[5342,5357,5351],"product_tag":[],"class_list":{"0":"post-19400","1":"product","2":"type-product","3":"status-publish","4":"has-post-thumbnail","6":"product_cat-books","7":"product_cat-history-of-ideas","8":"product_cat-literature","9":"pa_annee-de-publication-1908-en","10":"pa_dimension-in-8-en","11":"pa_editeur-felix-alcan-en","12":"pa_etat-de-conservation-very-good","13":"pa_langue-french","14":"pa_lieu-de-publication-paris-en","15":"pa_type-couverture-hard-cover","16":"pa_volume-3-en","18":"first","19":"outofstock","20":"purchasable","21":"product-type-simple"},"_links":{"self":[{"href":"https:\/\/limage-et-le-livre.com\/en\/wp-json\/wp\/v2\/product\/19400","targetHints":{"allow":["GET"]}}],"collection":[{"href":"https:\/\/limage-et-le-livre.com\/en\/wp-json\/wp\/v2\/product"}],"about":[{"href":"https:\/\/limage-et-le-livre.com\/en\/wp-json\/wp\/v2\/types\/product"}],"version-history":[{"count":0,"href":"https:\/\/limage-et-le-livre.com\/en\/wp-json\/wp\/v2\/product\/19400\/revisions"}],"wp:featuredmedia":[{"embeddable":true,"href":"https:\/\/limage-et-le-livre.com\/en\/wp-json\/wp\/v2\/media\/12822"}],"wp:attachment":[{"href":"https:\/\/limage-et-le-livre.com\/en\/wp-json\/wp\/v2\/media?parent=19400"}],"wp:term":[{"taxonomy":"product_brand","embeddable":true,"href":"https:\/\/limage-et-le-livre.com\/en\/wp-json\/wp\/v2\/product_brand?post=19400"},{"taxonomy":"product_cat","embeddable":true,"href":"https:\/\/limage-et-le-livre.com\/en\/wp-json\/wp\/v2\/product_cat?post=19400"},{"taxonomy":"product_tag","embeddable":true,"href":"https:\/\/limage-et-le-livre.com\/en\/wp-json\/wp\/v2\/product_tag?post=19400"}],"curies":[{"name":"wp","href":"https:\/\/api.w.org\/{rel}","templated":true}]}}