{"id":19404,"date":"2025-03-19T14:59:29","date_gmt":"2025-03-19T13:59:29","guid":{"rendered":"https:\/\/limage-et-le-livre.com\/boutique\/uncategorized\/die-reichsstadt-hagenau-vom-westfalischen-bis-zum-nimweger-frieden-1648-1679\/"},"modified":"2025-03-20T14:16:20","modified_gmt":"2025-03-20T13:16:20","slug":"die-reichsstadt-hagenau-vom-westfalischen-bis-zum-nimweger-frieden-1648-1679","status":"publish","type":"product","link":"https:\/\/limage-et-le-livre.com\/en\/books\/die-reichsstadt-hagenau-vom-westfalischen-bis-zum-nimweger-frieden-1648-1679\/","title":{"rendered":"Die Reichsstadt Hagenau vom Westf\u00e4lischen bis..."},"content":{"rendered":"<p>Haguenau, Verlag von Georg Urscheller, 1913; in-8 of XII and 268 pages. Red half-percaline, smooth spine, gilt author and title. Complete with view of Haguenau.   A fine copy.<\/p>\n<div id=\"gtx-trans\" style=\"position: absolute; left: -67px; top: -10px;\">\n<div class=\"gtx-trans-icon\"><\/div>\n<\/div>\n","protected":false},"excerpt":{"rendered":"<p>Die Reichsstadt Hagenau vom Westf\u00e4lischen bis zum Nimweger Frieden (1648-1679). Kl\u00e9l\u00e9 (Joseph). 1913.  <\/p>\n","protected":false},"featured_media":12816,"template":"","meta":[],"product_brand":[],"product_cat":[5342],"product_tag":[5562,5561,5619,5560],"class_list":{"0":"post-19404","1":"product","2":"type-product","3":"status-publish","4":"has-post-thumbnail","6":"product_cat-books","7":"product_tag-alsace-en","8":"product_tag-alsatique-en","9":"product_tag-haguenau-en","10":"product_tag-history","11":"pa_annee-de-publication-1913-en","12":"pa_dimension-in-8-en","13":"pa_editeur-georg-urscheller-en","14":"pa_etat-de-conservation-very-good","15":"pa_langue-german","16":"pa_lieu-de-publication-haguenau-en","17":"pa_type-couverture-hard-cover","19":"first","20":"instock","21":"purchasable","22":"product-type-simple"},"_links":{"self":[{"href":"https:\/\/limage-et-le-livre.com\/en\/wp-json\/wp\/v2\/product\/19404","targetHints":{"allow":["GET"]}}],"collection":[{"href":"https:\/\/limage-et-le-livre.com\/en\/wp-json\/wp\/v2\/product"}],"about":[{"href":"https:\/\/limage-et-le-livre.com\/en\/wp-json\/wp\/v2\/types\/product"}],"version-history":[{"count":0,"href":"https:\/\/limage-et-le-livre.com\/en\/wp-json\/wp\/v2\/product\/19404\/revisions"}],"wp:featuredmedia":[{"embeddable":true,"href":"https:\/\/limage-et-le-livre.com\/en\/wp-json\/wp\/v2\/media\/12816"}],"wp:attachment":[{"href":"https:\/\/limage-et-le-livre.com\/en\/wp-json\/wp\/v2\/media?parent=19404"}],"wp:term":[{"taxonomy":"product_brand","embeddable":true,"href":"https:\/\/limage-et-le-livre.com\/en\/wp-json\/wp\/v2\/product_brand?post=19404"},{"taxonomy":"product_cat","embeddable":true,"href":"https:\/\/limage-et-le-livre.com\/en\/wp-json\/wp\/v2\/product_cat?post=19404"},{"taxonomy":"product_tag","embeddable":true,"href":"https:\/\/limage-et-le-livre.com\/en\/wp-json\/wp\/v2\/product_tag?post=19404"}],"curies":[{"name":"wp","href":"https:\/\/api.w.org\/{rel}","templated":true}]}}