{"id":19407,"date":"2025-03-19T14:59:31","date_gmt":"2025-03-19T13:59:31","guid":{"rendered":"https:\/\/limage-et-le-livre.com\/boutique\/uncategorized\/salome\/"},"modified":"2025-03-20T14:16:24","modified_gmt":"2025-03-20T13:16:24","slug":"salome","status":"publish","type":"product","link":"https:\/\/limage-et-le-livre.com\/en\/prints-and-engravings\/prints\/artists\/salome\/","title":{"rendered":"Salom\u00e9"},"content":{"rendered":"<p>Salom\u00e9. Alm\u00e9ry Lobel-Riche (Geneva, 1880 &#8211; Paris, 1950). 1930.   Etching. Sheet size: 309 x 241 mm. Board size: 207 x 148 mm. Fine proof on vellum paper.  <\/p>\n<div id=\"gtx-trans\" style=\"position: absolute; left: -67px; top: -10px;\">\n<div class=\"gtx-trans-icon\"><\/div>\n<\/div>\n","protected":false},"excerpt":{"rendered":"<p>Salom\u00e9. Alm\u00e9ry Lobel-Riche. 1930.  <\/p>\n","protected":false},"featured_media":12821,"template":"","meta":[],"product_brand":[],"product_cat":[5405,5387,5386],"product_tag":[],"class_list":{"0":"post-19407","1":"product","2":"type-product","3":"status-publish","4":"has-post-thumbnail","6":"product_cat-artists","7":"product_cat-prints","8":"product_cat-prints-and-engravings","9":"pa_etat-de-conservation-very-good","10":"pa_type-couverture-no-cover","12":"first","13":"outofstock","14":"purchasable","15":"product-type-simple"},"_links":{"self":[{"href":"https:\/\/limage-et-le-livre.com\/en\/wp-json\/wp\/v2\/product\/19407","targetHints":{"allow":["GET"]}}],"collection":[{"href":"https:\/\/limage-et-le-livre.com\/en\/wp-json\/wp\/v2\/product"}],"about":[{"href":"https:\/\/limage-et-le-livre.com\/en\/wp-json\/wp\/v2\/types\/product"}],"version-history":[{"count":0,"href":"https:\/\/limage-et-le-livre.com\/en\/wp-json\/wp\/v2\/product\/19407\/revisions"}],"wp:featuredmedia":[{"embeddable":true,"href":"https:\/\/limage-et-le-livre.com\/en\/wp-json\/wp\/v2\/media\/12821"}],"wp:attachment":[{"href":"https:\/\/limage-et-le-livre.com\/en\/wp-json\/wp\/v2\/media?parent=19407"}],"wp:term":[{"taxonomy":"product_brand","embeddable":true,"href":"https:\/\/limage-et-le-livre.com\/en\/wp-json\/wp\/v2\/product_brand?post=19407"},{"taxonomy":"product_cat","embeddable":true,"href":"https:\/\/limage-et-le-livre.com\/en\/wp-json\/wp\/v2\/product_cat?post=19407"},{"taxonomy":"product_tag","embeddable":true,"href":"https:\/\/limage-et-le-livre.com\/en\/wp-json\/wp\/v2\/product_tag?post=19407"}],"curies":[{"name":"wp","href":"https:\/\/api.w.org\/{rel}","templated":true}]}}