{"id":19417,"date":"2025-03-19T15:00:01","date_gmt":"2025-03-19T14:00:01","guid":{"rendered":"https:\/\/limage-et-le-livre.com\/boutique\/uncategorized\/military-types-ecole-imperiale-polytechnique\/"},"modified":"2025-03-20T14:16:29","modified_gmt":"2025-03-20T13:16:29","slug":"military-types-ecole-imperiale-polytechnique","status":"publish","type":"product","link":"https:\/\/limage-et-le-livre.com\/en\/prints-and-engravings\/prints\/militaria-en\/military-types-ecole-imperiale-polytechnique\/","title":{"rendered":"Military types. Ecole Imp\u00e9riale Polytechnique."},"content":{"rendered":"<p>Military types. Ecole Imp\u00e9riale Polytechnique. Fran\u00e7ois-Hippolyte Lalaisse. Lithography.    Period colors. Second half of the 19th century. Scattered foxing. Sheet size: 483 x 360 mm. Subject size: 236 x 230 mm. Fran\u00e7ois-Hippolyte Lalaisse (Nancy, 1812 &#8211; Paris, 1884) was a portraitist, animal painter and lithographer.    <\/p>\n<div id=\"gtx-trans\" style=\"position: absolute; left: -67px; top: -10px;\">\n<div class=\"gtx-trans-icon\"><\/div>\n<\/div>\n","protected":false},"excerpt":{"rendered":"<p>Ecole Imp\u00e9riale Polytechnique. Fran\u00e7ois-Hippolyte Lalaisse. Lithograph. 19th century.   <\/p>\n","protected":false},"featured_media":12856,"template":"","meta":[],"product_brand":[],"product_cat":[5429,5387,5386],"product_tag":[5613],"class_list":{"0":"post-19417","1":"product","2":"type-product","3":"status-publish","4":"has-post-thumbnail","6":"product_cat-militaria-en","7":"product_cat-prints","8":"product_cat-prints-and-engravings","9":"product_tag-lithography","10":"pa_etat-de-conservation-good","11":"pa_langue-french","12":"pa_type-couverture-no-cover","14":"first","15":"instock","16":"purchasable","17":"product-type-simple"},"_links":{"self":[{"href":"https:\/\/limage-et-le-livre.com\/en\/wp-json\/wp\/v2\/product\/19417","targetHints":{"allow":["GET"]}}],"collection":[{"href":"https:\/\/limage-et-le-livre.com\/en\/wp-json\/wp\/v2\/product"}],"about":[{"href":"https:\/\/limage-et-le-livre.com\/en\/wp-json\/wp\/v2\/types\/product"}],"version-history":[{"count":0,"href":"https:\/\/limage-et-le-livre.com\/en\/wp-json\/wp\/v2\/product\/19417\/revisions"}],"wp:featuredmedia":[{"embeddable":true,"href":"https:\/\/limage-et-le-livre.com\/en\/wp-json\/wp\/v2\/media\/12856"}],"wp:attachment":[{"href":"https:\/\/limage-et-le-livre.com\/en\/wp-json\/wp\/v2\/media?parent=19417"}],"wp:term":[{"taxonomy":"product_brand","embeddable":true,"href":"https:\/\/limage-et-le-livre.com\/en\/wp-json\/wp\/v2\/product_brand?post=19417"},{"taxonomy":"product_cat","embeddable":true,"href":"https:\/\/limage-et-le-livre.com\/en\/wp-json\/wp\/v2\/product_cat?post=19417"},{"taxonomy":"product_tag","embeddable":true,"href":"https:\/\/limage-et-le-livre.com\/en\/wp-json\/wp\/v2\/product_tag?post=19417"}],"curies":[{"name":"wp","href":"https:\/\/api.w.org\/{rel}","templated":true}]}}