{"id":19420,"date":"2025-03-19T15:00:02","date_gmt":"2025-03-19T14:00:02","guid":{"rendered":"https:\/\/limage-et-le-livre.com\/boutique\/uncategorized\/plan-of-the-battle-of-fontenoy-won-on-xi-may-m-dcc-xlv-by-the-french-army\/"},"modified":"2025-03-20T14:16:31","modified_gmt":"2025-03-20T13:16:31","slug":"plan-of-the-battle-of-fontenoy-won-on-xi-may-m-dcc-xlv-by-the-french-army","status":"publish","type":"product","link":"https:\/\/limage-et-le-livre.com\/en\/books\/geography-and-travel\/europe-en\/benelux-en\/belgium\/plan-of-the-battle-of-fontenoy-won-on-xi-may-m-dcc-xlv-by-the-french-army\/","title":{"rendered":"Plan of the battle of Fontenoy..."},"content":{"rendered":"<p>Plan of the battle of Fontenoy won on XI May M.DCC.XLV by the French army commanded by the King over that of the Alliez under the orders of the Duke of Cumberland. Jean de Beaurain (1696 &#8211; 1771), cartographer and geographer.  Copper engraving. 18th century. Hand-colored. Creases including central horizontal and vertical folds, three tiny restorations in the framing border. Sheet size: 455 x 595 mm. Board size: 389 x 508 mm. The terrain of the plan (&#8230;) was drawn and surveyed on the spot by Mr. l&#8217;Abb\u00e9 aide de Camp de Mgr. le Prince de Soubise. A good proof of this unusual plan.      <\/p>\n<div id=\"gtx-trans\" style=\"position: absolute; left: -67px; top: -10px;\">\n<div class=\"gtx-trans-icon\"><\/div>\n<\/div>\n","protected":false},"excerpt":{"rendered":"<p>Plan de la bataille de Fontenoy remport\u00e9e le XI may M.DCC.XLV par l&#8217;arm\u00e9e fran\u00e7oise. Jean de Beaurain.  18th century.<\/p>\n","protected":false},"featured_media":12884,"template":"","meta":[],"product_brand":[],"product_cat":[5365,5364,5388,5363,5387,5386],"product_tag":[8238],"class_list":{"0":"post-19420","1":"product","2":"type-product","3":"status-publish","4":"has-post-thumbnail","6":"product_cat-belgium","7":"product_cat-benelux-en","8":"product_cat-cartography-and-travel","9":"product_cat-europe-en","10":"product_cat-prints","11":"product_cat-prints-and-engravings","12":"product_tag-old-map","13":"pa_etat-de-conservation-good","14":"pa_langue-french","15":"pa_type-couverture-no-cover","17":"first","18":"instock","19":"purchasable","20":"product-type-simple"},"_links":{"self":[{"href":"https:\/\/limage-et-le-livre.com\/en\/wp-json\/wp\/v2\/product\/19420","targetHints":{"allow":["GET"]}}],"collection":[{"href":"https:\/\/limage-et-le-livre.com\/en\/wp-json\/wp\/v2\/product"}],"about":[{"href":"https:\/\/limage-et-le-livre.com\/en\/wp-json\/wp\/v2\/types\/product"}],"version-history":[{"count":0,"href":"https:\/\/limage-et-le-livre.com\/en\/wp-json\/wp\/v2\/product\/19420\/revisions"}],"wp:featuredmedia":[{"embeddable":true,"href":"https:\/\/limage-et-le-livre.com\/en\/wp-json\/wp\/v2\/media\/12884"}],"wp:attachment":[{"href":"https:\/\/limage-et-le-livre.com\/en\/wp-json\/wp\/v2\/media?parent=19420"}],"wp:term":[{"taxonomy":"product_brand","embeddable":true,"href":"https:\/\/limage-et-le-livre.com\/en\/wp-json\/wp\/v2\/product_brand?post=19420"},{"taxonomy":"product_cat","embeddable":true,"href":"https:\/\/limage-et-le-livre.com\/en\/wp-json\/wp\/v2\/product_cat?post=19420"},{"taxonomy":"product_tag","embeddable":true,"href":"https:\/\/limage-et-le-livre.com\/en\/wp-json\/wp\/v2\/product_tag?post=19420"}],"curies":[{"name":"wp","href":"https:\/\/api.w.org\/{rel}","templated":true}]}}