{"id":19425,"date":"2025-03-19T15:00:01","date_gmt":"2025-03-19T14:00:01","guid":{"rendered":"https:\/\/limage-et-le-livre.com\/boutique\/uncategorized\/mrs-chrysanthemums-pink-notebook\/"},"modified":"2025-03-20T14:16:28","modified_gmt":"2025-03-20T13:16:28","slug":"mrs-chrysanthemums-pink-notebook","status":"publish","type":"product","link":"https:\/\/limage-et-le-livre.com\/en\/books\/mrs-chrysanthemums-pink-notebook\/","title":{"rendered":"Mrs Chrysanthemum&#8217;s Pink Notebook"},"content":{"rendered":"<p>Paris, Biblioth\u00e8que artistique et litt\u00e9raire, 1894; in-8 paperback, 49 pages. Filled cover printed and embossed with chrysanthemums. Very slight foxing and soiling to cover. First edition, one of 330 copies on papier \u00e0 la forme, imitation hollande. Frontispiece, lettering and vignettes by the author.     A fine copy.<\/p>\n<div id=\"gtx-trans\" style=\"position: absolute; left: -67px; top: -10px;\">\n<div class=\"gtx-trans-icon\"><\/div>\n<\/div>\n","protected":false},"excerpt":{"rendered":"<p>Le Cahier Rose de Mme Chrysanth\u00e8me. R\u00e9gamey (F\u00e9lix). 1894.  <\/p>\n","protected":false},"featured_media":12862,"template":"","meta":[],"product_brand":[],"product_cat":[5342],"product_tag":[],"class_list":{"0":"post-19425","1":"product","2":"type-product","3":"status-publish","4":"has-post-thumbnail","6":"product_cat-books","7":"pa_annee-de-publication-1894-en","8":"pa_dimension-in-8-en","9":"pa_editeur-artistic-and-literary-library","10":"pa_etat-de-conservation-very-good","11":"pa_illustrateur-regamay-felix-en","12":"pa_langue-french","13":"pa_lieu-de-publication-paris-en","14":"pa_type-couverture-soft-cover","16":"first","17":"outofstock","18":"purchasable","19":"product-type-simple"},"_links":{"self":[{"href":"https:\/\/limage-et-le-livre.com\/en\/wp-json\/wp\/v2\/product\/19425","targetHints":{"allow":["GET"]}}],"collection":[{"href":"https:\/\/limage-et-le-livre.com\/en\/wp-json\/wp\/v2\/product"}],"about":[{"href":"https:\/\/limage-et-le-livre.com\/en\/wp-json\/wp\/v2\/types\/product"}],"version-history":[{"count":0,"href":"https:\/\/limage-et-le-livre.com\/en\/wp-json\/wp\/v2\/product\/19425\/revisions"}],"wp:featuredmedia":[{"embeddable":true,"href":"https:\/\/limage-et-le-livre.com\/en\/wp-json\/wp\/v2\/media\/12862"}],"wp:attachment":[{"href":"https:\/\/limage-et-le-livre.com\/en\/wp-json\/wp\/v2\/media?parent=19425"}],"wp:term":[{"taxonomy":"product_brand","embeddable":true,"href":"https:\/\/limage-et-le-livre.com\/en\/wp-json\/wp\/v2\/product_brand?post=19425"},{"taxonomy":"product_cat","embeddable":true,"href":"https:\/\/limage-et-le-livre.com\/en\/wp-json\/wp\/v2\/product_cat?post=19425"},{"taxonomy":"product_tag","embeddable":true,"href":"https:\/\/limage-et-le-livre.com\/en\/wp-json\/wp\/v2\/product_tag?post=19425"}],"curies":[{"name":"wp","href":"https:\/\/api.w.org\/{rel}","templated":true}]}}