{"id":19429,"date":"2025-03-19T15:00:02","date_gmt":"2025-03-19T14:00:02","guid":{"rendered":"https:\/\/limage-et-le-livre.com\/boutique\/uncategorized\/la-guzla-ou-choix-de-poesies-illyriques-recueillies-dans-la-dalmatie-la-bosnie-la-croatie-et-lherzegowine\/"},"modified":"2025-03-20T14:16:31","modified_gmt":"2025-03-20T13:16:31","slug":"la-guzla-ou-choix-de-poesies-illyriques-recueillies-dans-la-dalmatie-la-bosnie-la-croatie-et-lherzegowine","status":"publish","type":"product","link":"https:\/\/limage-et-le-livre.com\/en\/books\/la-guzla-ou-choix-de-poesies-illyriques-recueillies-dans-la-dalmatie-la-bosnie-la-croatie-et-lherzegowine\/","title":{"rendered":"La Guzla, ou Choix de po\u00e9sies..."},"content":{"rendered":"<p>Paris et Strasbourg, F. G. Levrault, 1827; in-12 of XII and 257 pages. Publisher&#8217;s lithographed boards on boards and spine. Insolations, scattered foxing and first 6 leaves oxidized. Complete with lithographed frontispiece depicting Hyacinthe Maglanovich, imaginary poet of Illyrian ballads, as a guzla player. A collection of Balkan ballads invented by M\u00e9rim\u00e9e.    <\/p>\n<div id=\"gtx-trans\" style=\"position: absolute; left: -67px; top: -10px;\">\n<div class=\"gtx-trans-icon\"><\/div>\n<\/div>\n","protected":false},"excerpt":{"rendered":"<p>La Guzla, ou Choix de po\u00e9sies illyriques recueillies dans la Dalmatie, la Bosnie, la Croatie et l&#8217;Herzegowine. M\u00e9rim\u00e9e, Prosper. 1827. <\/p>\n","protected":false},"featured_media":12867,"template":"","meta":[],"product_brand":[],"product_cat":[5342],"product_tag":[7875,5614],"class_list":{"0":"post-19429","1":"product","2":"type-product","3":"status-publish","4":"has-post-thumbnail","6":"product_cat-books","7":"product_tag-literature","8":"product_tag-poetry","9":"pa_annee-de-publication-1827-en","10":"pa_dimension-in-12-en","11":"pa_editeur-f-g-levrault-en","12":"pa_etat-de-conservation-good","13":"pa_langue-french","14":"pa_lieu-de-publication-paris-and-strasbourg","15":"pa_type-couverture-hard-cover","17":"first","18":"instock","19":"purchasable","20":"product-type-simple"},"_links":{"self":[{"href":"https:\/\/limage-et-le-livre.com\/en\/wp-json\/wp\/v2\/product\/19429","targetHints":{"allow":["GET"]}}],"collection":[{"href":"https:\/\/limage-et-le-livre.com\/en\/wp-json\/wp\/v2\/product"}],"about":[{"href":"https:\/\/limage-et-le-livre.com\/en\/wp-json\/wp\/v2\/types\/product"}],"version-history":[{"count":0,"href":"https:\/\/limage-et-le-livre.com\/en\/wp-json\/wp\/v2\/product\/19429\/revisions"}],"wp:featuredmedia":[{"embeddable":true,"href":"https:\/\/limage-et-le-livre.com\/en\/wp-json\/wp\/v2\/media\/12867"}],"wp:attachment":[{"href":"https:\/\/limage-et-le-livre.com\/en\/wp-json\/wp\/v2\/media?parent=19429"}],"wp:term":[{"taxonomy":"product_brand","embeddable":true,"href":"https:\/\/limage-et-le-livre.com\/en\/wp-json\/wp\/v2\/product_brand?post=19429"},{"taxonomy":"product_cat","embeddable":true,"href":"https:\/\/limage-et-le-livre.com\/en\/wp-json\/wp\/v2\/product_cat?post=19429"},{"taxonomy":"product_tag","embeddable":true,"href":"https:\/\/limage-et-le-livre.com\/en\/wp-json\/wp\/v2\/product_tag?post=19429"}],"curies":[{"name":"wp","href":"https:\/\/api.w.org\/{rel}","templated":true}]}}