{"id":19432,"date":"2025-03-19T15:00:06","date_gmt":"2025-03-19T14:00:06","guid":{"rendered":"https:\/\/limage-et-le-livre.com\/boutique\/uncategorized\/histoire-dune-vieille-demeure-de-lepoque-gallo-romaine-a-nos-jours-followed-by-histoire-dune-vieille-demeure-de-lepoque-gallo-romaine\/"},"modified":"2025-03-20T14:16:36","modified_gmt":"2025-03-20T13:16:36","slug":"histoire-dune-vieille-demeure-de-lepoque-gallo-romaine-a-nos-jours-followed-by-histoire-dune-vieille-demeure-de-lepoque-gallo-romaine","status":"publish","type":"product","link":"https:\/\/limage-et-le-livre.com\/en\/books\/histoire-dune-vieille-demeure-de-lepoque-gallo-romaine-a-nos-jours-followed-by-histoire-dune-vieille-demeure-de-lepoque-gallo-romaine\/","title":{"rendered":"Histoire d&#8217;une vieille demeure de l&#8217;\u00e9poque..."},"content":{"rendered":"<p>Strasbourg, Port Autonome de Strasbourg, 1961 and 1936; two in-8 volumes of VIII, 159 pages and VIII, 73 pages and 19 plates. Havana half-chagrin, smooth spine, gilt author, title and fillets. Slight sunning to upper cover and spine.   Dedication by the author. Two volumes on the history of the H\u00f4tel d&#8217;Andlau, rue de la Nu\u00e9e Bleue in Strasbourg, former headquarters of the Port Autonome de Strasbourg. A very fine, well-bound copy. <\/p>\n<div id=\"gtx-trans\" style=\"position: absolute; left: -67px; top: -10px;\">\n<div class=\"gtx-trans-icon\"><\/div>\n<\/div>\n","protected":false},"excerpt":{"rendered":"<p>Histoire d&#8217;une vieille demeure de l&#8217;\u00e9poque gallo-romaine \u00e0 nos jours (followed by) Histoire d&#8217;une vieille demeure de l&#8217;\u00e9poque gallo-romaine. Weirich (Adrien). 1961 and 1936.  <\/p>\n","protected":false},"featured_media":12901,"template":"","meta":[],"product_brand":[],"product_cat":[5342],"product_tag":[5562,5561,5563],"class_list":{"0":"post-19432","1":"product","2":"type-product","3":"status-publish","4":"has-post-thumbnail","6":"product_cat-books","7":"product_tag-alsace-en","8":"product_tag-alsatique-en","9":"product_tag-strasbourg-en","10":"pa_annee-de-publication-1936-en","11":"pa_dimension-in-8-en","12":"pa_editeur-port-autonome-de-strasbourg-en","13":"pa_etat-de-conservation-very-good","14":"pa_langue-french","15":"pa_lieu-de-publication-strasbourg-en","16":"pa_signature-from-the-author","17":"pa_type-couverture-hard-cover","19":"first","20":"instock","21":"purchasable","22":"product-type-simple"},"_links":{"self":[{"href":"https:\/\/limage-et-le-livre.com\/en\/wp-json\/wp\/v2\/product\/19432","targetHints":{"allow":["GET"]}}],"collection":[{"href":"https:\/\/limage-et-le-livre.com\/en\/wp-json\/wp\/v2\/product"}],"about":[{"href":"https:\/\/limage-et-le-livre.com\/en\/wp-json\/wp\/v2\/types\/product"}],"version-history":[{"count":0,"href":"https:\/\/limage-et-le-livre.com\/en\/wp-json\/wp\/v2\/product\/19432\/revisions"}],"wp:featuredmedia":[{"embeddable":true,"href":"https:\/\/limage-et-le-livre.com\/en\/wp-json\/wp\/v2\/media\/12901"}],"wp:attachment":[{"href":"https:\/\/limage-et-le-livre.com\/en\/wp-json\/wp\/v2\/media?parent=19432"}],"wp:term":[{"taxonomy":"product_brand","embeddable":true,"href":"https:\/\/limage-et-le-livre.com\/en\/wp-json\/wp\/v2\/product_brand?post=19432"},{"taxonomy":"product_cat","embeddable":true,"href":"https:\/\/limage-et-le-livre.com\/en\/wp-json\/wp\/v2\/product_cat?post=19432"},{"taxonomy":"product_tag","embeddable":true,"href":"https:\/\/limage-et-le-livre.com\/en\/wp-json\/wp\/v2\/product_tag?post=19432"}],"curies":[{"name":"wp","href":"https:\/\/api.w.org\/{rel}","templated":true}]}}