{"id":19434,"date":"2025-03-19T15:00:06","date_gmt":"2025-03-19T14:00:06","guid":{"rendered":"https:\/\/limage-et-le-livre.com\/boutique\/uncategorized\/loi-relative-aux-evenements-survenus-dans-les-departements-du-haut-du-bas-rhin-depuis-larrivee-des-commissaires-du-roi-act-relating-to-events-in-the-upper-and-lower-rhine-departments-since-t\/"},"modified":"2025-03-20T14:16:37","modified_gmt":"2025-03-20T13:16:37","slug":"loi-relative-aux-evenements-survenus-dans-les-departements-du-haut-du-bas-rhin-depuis-larrivee-des-commissaires-du-roi-act-relating-to-events-in-the-upper-and-lower-rhine-departments-since-t","status":"publish","type":"product","link":"https:\/\/limage-et-le-livre.com\/en\/manuscripts\/loi-relative-aux-evenements-survenus-dans-les-departements-du-haut-du-bas-rhin-depuis-larrivee-des-commissaires-du-roi-act-relating-to-events-in-the-upper-and-lower-rhine-departments-since-t\/","title":{"rendered":"Loi Relative aux Ev\u00e8nements survenus dans..."},"content":{"rendered":"<p>Paris, Imprimerie royale, 1791; a 4-page in-4 brochure. Scattered foxing. Mentions the letter of satisfaction concerning Martin Stockmeyer, boatman from Colmar, which put an end to the events of February 3, 1791.  <\/p>\n<div id=\"gtx-trans\" style=\"position: absolute; left: -67px; top: -10px;\">\n<div class=\"gtx-trans-icon\"><\/div>\n<\/div>\n","protected":false},"excerpt":{"rendered":"<p>[Martin Stockmeyer]. Loi Relative aux Ev\u00e8nements survenus dans les D\u00e9partements du haut &amp; du bas-Rhin, depuis l&#8217;arriv\u00e9e des Commissaires du Roi. 1791.  <\/p>\n","protected":false},"featured_media":12900,"template":"","meta":[],"product_brand":[],"product_cat":[5379],"product_tag":[5562,5561,8340],"class_list":{"0":"post-19434","1":"product","2":"type-product","3":"status-publish","4":"has-post-thumbnail","6":"product_cat-manuscripts","7":"product_tag-alsace-en","8":"product_tag-alsatique-en","9":"product_tag-colmar-en","10":"pa_dimension-in-4-en","11":"pa_etat-de-conservation-very-good","12":"pa_langue-french","13":"pa_type-couverture-no-cover","15":"first","16":"instock","17":"purchasable","18":"product-type-simple"},"_links":{"self":[{"href":"https:\/\/limage-et-le-livre.com\/en\/wp-json\/wp\/v2\/product\/19434","targetHints":{"allow":["GET"]}}],"collection":[{"href":"https:\/\/limage-et-le-livre.com\/en\/wp-json\/wp\/v2\/product"}],"about":[{"href":"https:\/\/limage-et-le-livre.com\/en\/wp-json\/wp\/v2\/types\/product"}],"version-history":[{"count":0,"href":"https:\/\/limage-et-le-livre.com\/en\/wp-json\/wp\/v2\/product\/19434\/revisions"}],"wp:featuredmedia":[{"embeddable":true,"href":"https:\/\/limage-et-le-livre.com\/en\/wp-json\/wp\/v2\/media\/12900"}],"wp:attachment":[{"href":"https:\/\/limage-et-le-livre.com\/en\/wp-json\/wp\/v2\/media?parent=19434"}],"wp:term":[{"taxonomy":"product_brand","embeddable":true,"href":"https:\/\/limage-et-le-livre.com\/en\/wp-json\/wp\/v2\/product_brand?post=19434"},{"taxonomy":"product_cat","embeddable":true,"href":"https:\/\/limage-et-le-livre.com\/en\/wp-json\/wp\/v2\/product_cat?post=19434"},{"taxonomy":"product_tag","embeddable":true,"href":"https:\/\/limage-et-le-livre.com\/en\/wp-json\/wp\/v2\/product_tag?post=19434"}],"curies":[{"name":"wp","href":"https:\/\/api.w.org\/{rel}","templated":true}]}}