{"id":19437,"date":"2025-03-19T15:00:08","date_gmt":"2025-03-19T14:00:08","guid":{"rendered":"https:\/\/limage-et-le-livre.com\/boutique\/uncategorized\/denkmaler-der-kunst-zur-ubersicht-ihres-entwicklungsganges-von-den-ersten-kunstlerischen-versuchen-bis-zu-den-standpunkten-der-gegenwart\/"},"modified":"2025-03-20T14:16:37","modified_gmt":"2025-03-20T13:16:37","slug":"denkmaler-der-kunst-zur-ubersicht-ihres-entwicklungsganges-von-den-ersten-kunstlerischen-versuchen-bis-zu-den-standpunkten-der-gegenwart","status":"publish","type":"product","link":"https:\/\/limage-et-le-livre.com\/en\/books\/fine-arts\/denkmaler-der-kunst-zur-ubersicht-ihres-entwicklungsganges-von-den-ersten-kunstlerischen-versuchen-bis-zu-den-standpunkten-der-gegenwart\/","title":{"rendered":"Denkm\u00e4ler der Kunst zur \u00dcbersicht ihres..."},"content":{"rendered":"<p>Stuttgart, Verlag von Paul Neff, 1884; in-folio of VII pages and 193 plates. Publisher&#8217;s binding, cornered half-chagrin, top board with title in a medallion decorated with gilt palmettes, titled spine, ornamented boxes with gilt fleurons and palmettes. Slight marks on boards. Complete with 193 plates, including 7 chromolithographs, illustrating a panorama of art history (architecture, painting, sculpture) from antiquity to the 19th century.   <\/p>\n<div id=\"gtx-trans\" style=\"position: absolute; left: -67px; top: -10px;\">\n<div class=\"gtx-trans-icon\"><\/div>\n<\/div>\n","protected":false},"excerpt":{"rendered":"<p>Denkm\u00e4ler der Kunst zur \u00dcbersicht ihres Entwicklungsganges von den ersten k\u00fcnstlerischen Versuchen bis zu den Standpunkten der Gegenwart. L\u00fcbke (Wilhelm, Prof.), L\u00fctzow (Carl, von, Prof., Dr.). 1884. <\/p>\n","protected":false},"featured_media":12910,"template":"","meta":[],"product_brand":[],"product_cat":[5342,5353],"product_tag":[8237,5617,5634],"class_list":{"0":"post-19437","1":"product","2":"type-product","3":"status-publish","4":"has-post-thumbnail","6":"product_cat-books","7":"product_cat-fine-arts","8":"product_tag-antiquity","9":"product_tag-architecture-en","10":"product_tag-chromolithography","11":"pa_annee-de-publication-1884-en","12":"pa_dimension-in-folio-en","13":"pa_editeur-paul-neff-en","14":"pa_etat-de-conservation-very-good","15":"pa_langue-german","16":"pa_lieu-de-publication-stuttgart-en","17":"pa_type-couverture-hard-cover","19":"first","20":"instock","21":"purchasable","22":"product-type-simple"},"_links":{"self":[{"href":"https:\/\/limage-et-le-livre.com\/en\/wp-json\/wp\/v2\/product\/19437","targetHints":{"allow":["GET"]}}],"collection":[{"href":"https:\/\/limage-et-le-livre.com\/en\/wp-json\/wp\/v2\/product"}],"about":[{"href":"https:\/\/limage-et-le-livre.com\/en\/wp-json\/wp\/v2\/types\/product"}],"version-history":[{"count":0,"href":"https:\/\/limage-et-le-livre.com\/en\/wp-json\/wp\/v2\/product\/19437\/revisions"}],"wp:featuredmedia":[{"embeddable":true,"href":"https:\/\/limage-et-le-livre.com\/en\/wp-json\/wp\/v2\/media\/12910"}],"wp:attachment":[{"href":"https:\/\/limage-et-le-livre.com\/en\/wp-json\/wp\/v2\/media?parent=19437"}],"wp:term":[{"taxonomy":"product_brand","embeddable":true,"href":"https:\/\/limage-et-le-livre.com\/en\/wp-json\/wp\/v2\/product_brand?post=19437"},{"taxonomy":"product_cat","embeddable":true,"href":"https:\/\/limage-et-le-livre.com\/en\/wp-json\/wp\/v2\/product_cat?post=19437"},{"taxonomy":"product_tag","embeddable":true,"href":"https:\/\/limage-et-le-livre.com\/en\/wp-json\/wp\/v2\/product_tag?post=19437"}],"curies":[{"name":"wp","href":"https:\/\/api.w.org\/{rel}","templated":true}]}}