{"id":19444,"date":"2025-03-19T15:00:08","date_gmt":"2025-03-19T14:00:08","guid":{"rendered":"https:\/\/limage-et-le-livre.com\/boutique\/uncategorized\/dictionnaire-biographique-et-historique-des-hommes-marquans-de-la-fin-du-xviiie-siecle-et-plus-particulierement-de-ceux-qui-ont-figure-dans-la-revolution-francoise-followed-by-a-supplement-and-4-tab\/"},"modified":"2025-03-20T14:16:37","modified_gmt":"2025-03-20T13:16:37","slug":"dictionnaire-biographique-et-historique-des-hommes-marquans-de-la-fin-du-xviiie-siecle-et-plus-particulierement-de-ceux-qui-ont-figure-dans-la-revolution-francoise-followed-by-a-supplement-and-4-tab","status":"publish","type":"product","link":"https:\/\/limage-et-le-livre.com\/en\/books\/dictionnaire-biographique-et-historique-des-hommes-marquans-de-la-fin-du-xviiie-siecle-et-plus-particulierement-de-ceux-qui-ont-figure-dans-la-revolution-francoise-followed-by-a-supplement-and-4-tab\/","title":{"rendered":"Dictionnaire biographique et historique des hommes..."},"content":{"rendered":"<p>London (Hambourg), s.n., 1800; 3 volumes in-8 of XII and 499, 524, 522 and XXIV. Red half-chagrin, smooth titled spine, gilt romantic irons. Corners slightly dulled. Complete with supplement and 4 tables on 2 hors-texte plates in fine. Published in Hamburg by Baron Henri-Louis Coiffier de Verseux. From the library of Hans Haug. Barbier I, 956. A fine set.       <\/p>\n<div id=\"gtx-trans\" style=\"position: absolute; left: -67px; top: -10px;\">\n<div class=\"gtx-trans-icon\"><\/div>\n<\/div>\n","protected":false},"excerpt":{"rendered":"<p>Dictionnaire biographique et historique des hommes marquans de la fin du XVIIIe si\u00e8cle, et plus particuli\u00e8rement de ceux qui ont figur\u00e9 dans la R\u00e9volution fran\u00e7oise. Followed by a supplement and 4 tables of massacres and proscriptions. Written by a society of literary men. [Coiffier de Verseux (Henri-Louis, baron)]. 1800.    <\/p>\n","protected":false},"featured_media":12905,"template":"","meta":[],"product_brand":[],"product_cat":[5342],"product_tag":[5560],"class_list":{"0":"post-19444","1":"product","2":"type-product","3":"status-publish","4":"has-post-thumbnail","6":"product_cat-books","7":"product_tag-history","8":"pa_annee-de-publication-1800-en","9":"pa_dimension-in-8-en","10":"pa_etat-de-conservation-very-good","11":"pa_langue-french","12":"pa_lieu-de-publication-london","13":"pa_type-couverture-hard-cover","14":"pa_volume-3-en","16":"first","17":"instock","18":"purchasable","19":"product-type-simple"},"_links":{"self":[{"href":"https:\/\/limage-et-le-livre.com\/en\/wp-json\/wp\/v2\/product\/19444","targetHints":{"allow":["GET"]}}],"collection":[{"href":"https:\/\/limage-et-le-livre.com\/en\/wp-json\/wp\/v2\/product"}],"about":[{"href":"https:\/\/limage-et-le-livre.com\/en\/wp-json\/wp\/v2\/types\/product"}],"version-history":[{"count":0,"href":"https:\/\/limage-et-le-livre.com\/en\/wp-json\/wp\/v2\/product\/19444\/revisions"}],"wp:featuredmedia":[{"embeddable":true,"href":"https:\/\/limage-et-le-livre.com\/en\/wp-json\/wp\/v2\/media\/12905"}],"wp:attachment":[{"href":"https:\/\/limage-et-le-livre.com\/en\/wp-json\/wp\/v2\/media?parent=19444"}],"wp:term":[{"taxonomy":"product_brand","embeddable":true,"href":"https:\/\/limage-et-le-livre.com\/en\/wp-json\/wp\/v2\/product_brand?post=19444"},{"taxonomy":"product_cat","embeddable":true,"href":"https:\/\/limage-et-le-livre.com\/en\/wp-json\/wp\/v2\/product_cat?post=19444"},{"taxonomy":"product_tag","embeddable":true,"href":"https:\/\/limage-et-le-livre.com\/en\/wp-json\/wp\/v2\/product_tag?post=19444"}],"curies":[{"name":"wp","href":"https:\/\/api.w.org\/{rel}","templated":true}]}}