{"id":19457,"date":"2025-03-19T15:00:15","date_gmt":"2025-03-19T14:00:15","guid":{"rendered":"https:\/\/limage-et-le-livre.com\/boutique\/uncategorized\/drinking-water-in-saint-die-sources-communlaes-historical-chemical-and-bacteriological-study\/"},"modified":"2025-03-20T14:16:45","modified_gmt":"2025-03-20T13:16:45","slug":"drinking-water-in-saint-die-sources-communlaes-historical-chemical-and-bacteriological-study","status":"publish","type":"product","link":"https:\/\/limage-et-le-livre.com\/en\/books\/geography-and-travel\/france-en\/lorraine-en\/drinking-water-in-saint-die-sources-communlaes-historical-chemical-and-bacteriological-study\/","title":{"rendered":"Drinking water in Saint-Di\u00e9 (Sources communlaes)...."},"content":{"rendered":"<p>Saint-Di\u00e9, Typographie des \u00e9tablissements C. Cuny, 1932; large in-8, 112 pages. Scattered foxing on upper cover, angular crease. Complete with fold-out map.  <\/p>\n<div id=\"gtx-trans\" style=\"position: absolute; left: -67px; top: -10px;\">\n<div class=\"gtx-trans-icon\"><\/div>\n<\/div>\n","protected":false},"excerpt":{"rendered":"<p>Drinking water in Saint-Di\u00e9 (Sources communlaes). Historical, chemical and bacteriological study. Blaire (Jean). 1932.   <\/p>\n","protected":false},"featured_media":12941,"template":"","meta":[],"product_brand":[],"product_cat":[5342,5349,5348,5376],"product_tag":[],"class_list":{"0":"post-19457","1":"product","2":"type-product","3":"status-publish","4":"has-post-thumbnail","6":"product_cat-books","7":"product_cat-france-en","8":"product_cat-geography-and-travel","9":"product_cat-lorraine-en","10":"pa_annee-de-publication-1932-en","11":"pa_dimension-in-8-en","12":"pa_editeur-typographie-des-etablissements-c-cuny-en","13":"pa_etat-de-conservation-good","14":"pa_langue-french","15":"pa_lieu-de-publication-saint-die-en","16":"pa_type-couverture-soft-cover","18":"first","19":"instock","20":"purchasable","21":"product-type-simple"},"_links":{"self":[{"href":"https:\/\/limage-et-le-livre.com\/en\/wp-json\/wp\/v2\/product\/19457","targetHints":{"allow":["GET"]}}],"collection":[{"href":"https:\/\/limage-et-le-livre.com\/en\/wp-json\/wp\/v2\/product"}],"about":[{"href":"https:\/\/limage-et-le-livre.com\/en\/wp-json\/wp\/v2\/types\/product"}],"version-history":[{"count":0,"href":"https:\/\/limage-et-le-livre.com\/en\/wp-json\/wp\/v2\/product\/19457\/revisions"}],"wp:featuredmedia":[{"embeddable":true,"href":"https:\/\/limage-et-le-livre.com\/en\/wp-json\/wp\/v2\/media\/12941"}],"wp:attachment":[{"href":"https:\/\/limage-et-le-livre.com\/en\/wp-json\/wp\/v2\/media?parent=19457"}],"wp:term":[{"taxonomy":"product_brand","embeddable":true,"href":"https:\/\/limage-et-le-livre.com\/en\/wp-json\/wp\/v2\/product_brand?post=19457"},{"taxonomy":"product_cat","embeddable":true,"href":"https:\/\/limage-et-le-livre.com\/en\/wp-json\/wp\/v2\/product_cat?post=19457"},{"taxonomy":"product_tag","embeddable":true,"href":"https:\/\/limage-et-le-livre.com\/en\/wp-json\/wp\/v2\/product_tag?post=19457"}],"curies":[{"name":"wp","href":"https:\/\/api.w.org\/{rel}","templated":true}]}}