{"id":19464,"date":"2025-03-19T15:00:15","date_gmt":"2025-03-19T14:00:15","guid":{"rendered":"https:\/\/limage-et-le-livre.com\/boutique\/uncategorized\/biographical-note-on-mr-dupin-former-president-of-the-paris-bar-association-former-president-of-the-chamber-of-deputies-attorney-general-at-the-court-of-cassation-member-of-the-academie-francaise\/"},"modified":"2025-03-20T14:16:47","modified_gmt":"2025-03-20T13:16:47","slug":"biographical-note-on-mr-dupin-former-president-of-the-paris-bar-association-former-president-of-the-chamber-of-deputies-attorney-general-at-the-court-of-cassation-member-of-the-academie-francaise","status":"publish","type":"product","link":"https:\/\/limage-et-le-livre.com\/en\/books\/law\/biographical-note-on-mr-dupin-former-president-of-the-paris-bar-association-former-president-of-the-chamber-of-deputies-attorney-general-at-the-court-of-cassation-member-of-the-academie-francaise\/","title":{"rendered":"Biographical note on Mr. Dupin, former..."},"content":{"rendered":"<p>Paris, Joubert, Libraire-\u00e9diteur, 1840; in-8 of XV, 276 pages. Green half-basane, spine ribbed, author, title and gilt fillets, cold-stamped fillets. Joints of upper board slightly split. Complete with lithographed frontispiece portrait by Emile Lassale. Biography of Andr\u00e9-Marie-Jean-Jacques Dupin, known as Dupin a\u00een\u00e9, jurist, academician and politician.    <\/p>\n<div id=\"gtx-trans\" style=\"position: absolute; left: -67px; top: -10px;\">\n<div class=\"gtx-trans-icon\"><\/div>\n<\/div>\n","protected":false},"excerpt":{"rendered":"<p>Biographical note on M. Dupin (&#8230;). Ortolan (Joseph-Louis-Elz\u00e9ar). 1840.  <\/p>\n","protected":false},"featured_media":12949,"template":"","meta":[],"product_brand":[],"product_cat":[5342,5372],"product_tag":[],"class_list":{"0":"post-19464","1":"product","2":"type-product","3":"status-publish","4":"has-post-thumbnail","6":"product_cat-books","7":"product_cat-law","8":"pa_annee-de-publication-1840-en","9":"pa_dimension-in-8-en","10":"pa_editeur-joubert-en","11":"pa_etat-de-conservation-good","12":"pa_langue-french","13":"pa_lieu-de-publication-paris-en","14":"pa_type-couverture-hard-cover","16":"first","17":"instock","18":"purchasable","19":"product-type-simple"},"_links":{"self":[{"href":"https:\/\/limage-et-le-livre.com\/en\/wp-json\/wp\/v2\/product\/19464","targetHints":{"allow":["GET"]}}],"collection":[{"href":"https:\/\/limage-et-le-livre.com\/en\/wp-json\/wp\/v2\/product"}],"about":[{"href":"https:\/\/limage-et-le-livre.com\/en\/wp-json\/wp\/v2\/types\/product"}],"version-history":[{"count":0,"href":"https:\/\/limage-et-le-livre.com\/en\/wp-json\/wp\/v2\/product\/19464\/revisions"}],"wp:featuredmedia":[{"embeddable":true,"href":"https:\/\/limage-et-le-livre.com\/en\/wp-json\/wp\/v2\/media\/12949"}],"wp:attachment":[{"href":"https:\/\/limage-et-le-livre.com\/en\/wp-json\/wp\/v2\/media?parent=19464"}],"wp:term":[{"taxonomy":"product_brand","embeddable":true,"href":"https:\/\/limage-et-le-livre.com\/en\/wp-json\/wp\/v2\/product_brand?post=19464"},{"taxonomy":"product_cat","embeddable":true,"href":"https:\/\/limage-et-le-livre.com\/en\/wp-json\/wp\/v2\/product_cat?post=19464"},{"taxonomy":"product_tag","embeddable":true,"href":"https:\/\/limage-et-le-livre.com\/en\/wp-json\/wp\/v2\/product_tag?post=19464"}],"curies":[{"name":"wp","href":"https:\/\/api.w.org\/{rel}","templated":true}]}}