{"id":19470,"date":"2025-03-19T15:00:58","date_gmt":"2025-03-19T14:00:58","guid":{"rendered":"https:\/\/limage-et-le-livre.com\/boutique\/uncategorized\/town-and-citadel-of-saint-jean-pied-de-port\/"},"modified":"2025-03-20T14:13:10","modified_gmt":"2025-03-20T13:13:10","slug":"town-and-citadel-of-saint-jean-pied-de-port","status":"publish","type":"product","link":"https:\/\/limage-et-le-livre.com\/en\/prints-and-engravings\/prints\/cartography-and-travel\/town-and-citadel-of-saint-jean-pied-de-port\/","title":{"rendered":"Town and citadel of Saint-Jean-Pied-de-Port"},"content":{"rendered":"<p>City and citadel of Saint-Jean-Pied-de-Port. Aquatint by Benedikt Piringer after Antoine-Ignace Melling.  19th century. Slight horizontal creases. Cold stamp. Sheet size: 391 x 570 mm. Board size: 304 x 407 mm. From the &#8220;Voyage pittoresque dans les Pyr\u00e9n\u00e9es fran\u00e7aises et les d\u00e9partements adjacents&#8221; series. Benedikt Piringer (1780, Vienna &#8211; Paris, 1826), a member of the Vienna Academy, was a landscape draughtsman and engraver.     <\/p>\n<div id=\"gtx-trans\" style=\"position: absolute; left: -67px; top: -10px;\">\n<div class=\"gtx-trans-icon\"><\/div>\n<\/div>\n","protected":false},"excerpt":{"rendered":"<p>City and citadel of Saint-Jean-Pied-de-Port. Aquatint by Benedikt Piringer.  19th century.<\/p>\n","protected":false},"featured_media":13224,"template":"","meta":[],"product_brand":[],"product_cat":[5388,5349,5387,5386],"product_tag":[],"class_list":{"0":"post-19470","1":"product","2":"type-product","3":"status-publish","4":"has-post-thumbnail","6":"product_cat-cartography-and-travel","7":"product_cat-france-en","8":"product_cat-prints","9":"product_cat-prints-and-engravings","10":"pa_etat-de-conservation-good","11":"pa_type-couverture-no-cover","13":"first","14":"instock","15":"purchasable","16":"product-type-simple"},"_links":{"self":[{"href":"https:\/\/limage-et-le-livre.com\/en\/wp-json\/wp\/v2\/product\/19470","targetHints":{"allow":["GET"]}}],"collection":[{"href":"https:\/\/limage-et-le-livre.com\/en\/wp-json\/wp\/v2\/product"}],"about":[{"href":"https:\/\/limage-et-le-livre.com\/en\/wp-json\/wp\/v2\/types\/product"}],"version-history":[{"count":0,"href":"https:\/\/limage-et-le-livre.com\/en\/wp-json\/wp\/v2\/product\/19470\/revisions"}],"wp:featuredmedia":[{"embeddable":true,"href":"https:\/\/limage-et-le-livre.com\/en\/wp-json\/wp\/v2\/media\/13224"}],"wp:attachment":[{"href":"https:\/\/limage-et-le-livre.com\/en\/wp-json\/wp\/v2\/media?parent=19470"}],"wp:term":[{"taxonomy":"product_brand","embeddable":true,"href":"https:\/\/limage-et-le-livre.com\/en\/wp-json\/wp\/v2\/product_brand?post=19470"},{"taxonomy":"product_cat","embeddable":true,"href":"https:\/\/limage-et-le-livre.com\/en\/wp-json\/wp\/v2\/product_cat?post=19470"},{"taxonomy":"product_tag","embeddable":true,"href":"https:\/\/limage-et-le-livre.com\/en\/wp-json\/wp\/v2\/product_tag?post=19470"}],"curies":[{"name":"wp","href":"https:\/\/api.w.org\/{rel}","templated":true}]}}