{"id":19471,"date":"2025-03-19T15:00:57","date_gmt":"2025-03-19T14:00:57","guid":{"rendered":"https:\/\/limage-et-le-livre.com\/boutique\/uncategorized\/a-collection-of-5-works-about-the-republic-of-geneva\/"},"modified":"2025-03-20T14:13:11","modified_gmt":"2025-03-20T13:13:11","slug":"a-collection-of-5-works-about-the-republic-of-geneva","status":"publish","type":"product","link":"https:\/\/limage-et-le-livre.com\/en\/books\/law\/a-collection-of-5-works-about-the-republic-of-geneva\/","title":{"rendered":"A collection of 5 works about..."},"content":{"rendered":"<p>An in-12 collection of 5 texts mainly concerning the Republic of Geneva as well as the cantons of Zurich and Bern. Edits of the Republic of Geneva. Gen\u00e8ve, chez les Fr\u00e8res Detournes, 1735. Title page, 2 f.n.p., 91 pages. Followed by : Edits civils de la R\u00e9publique de Gen\u00e8ve. Gen\u00e8ve, chez les Fr\u00e8res Detournes, 1735. Title page, 1 f.n.p., 135 pages. Followed by: Ordonnances eccl\u00e9siastiques de l&#8217;Eglise de Gen\u00e8ve. Gen\u00e8ve, chez les Fr\u00e8res Detournes, 1735. Title page, 60 pages, 1 f.n.p.. Followed by : R\u00e8glement de l&#8217;illustre m\u00e9diation pour la pacification des troubles de la R\u00e9publique de Gen\u00e8ve. Gen\u00e8ve, chez les Fr\u00e8res Detournes, 1738. 29 pages. Followed by: Ratification de Sa Majest\u00e9 Tr\u00e8s Chr\u00e9tienne et des louables cantons de Zurich et de Berne. 13 pages. Contemporary full calf, 5-rib spine, cold-stamped bindings.               <\/p>\n<div id=\"gtx-trans\" style=\"position: absolute; left: -67px; top: -10px;\">\n<div class=\"gtx-trans-icon\"><\/div>\n<\/div>\n","protected":false},"excerpt":{"rendered":"<p>An in-12 collection of 5 texts mainly concerning the Republic of Geneva as well as the cantons of Zurich and Bern. Edits de la R\u00e9publique de Gen\u00e8ve. By the Detournes brothers, 1735.  <\/p>\n","protected":false},"featured_media":13221,"template":"","meta":[],"product_brand":[],"product_cat":[5342,5372,5362],"product_tag":[],"class_list":{"0":"post-19471","1":"product","2":"type-product","3":"status-publish","4":"has-post-thumbnail","6":"product_cat-books","7":"product_cat-law","8":"product_cat-religion-en","9":"pa_annee-de-publication-1735-en","10":"pa_dimension-in-12-en","11":"pa_editeur-freres-detournes-en","12":"pa_etat-de-conservation-very-good","13":"pa_langue-french","14":"pa_lieu-de-publication-geneva","15":"pa_type-couverture-hard-cover","17":"first","18":"outofstock","19":"purchasable","20":"product-type-simple"},"_links":{"self":[{"href":"https:\/\/limage-et-le-livre.com\/en\/wp-json\/wp\/v2\/product\/19471","targetHints":{"allow":["GET"]}}],"collection":[{"href":"https:\/\/limage-et-le-livre.com\/en\/wp-json\/wp\/v2\/product"}],"about":[{"href":"https:\/\/limage-et-le-livre.com\/en\/wp-json\/wp\/v2\/types\/product"}],"version-history":[{"count":0,"href":"https:\/\/limage-et-le-livre.com\/en\/wp-json\/wp\/v2\/product\/19471\/revisions"}],"wp:featuredmedia":[{"embeddable":true,"href":"https:\/\/limage-et-le-livre.com\/en\/wp-json\/wp\/v2\/media\/13221"}],"wp:attachment":[{"href":"https:\/\/limage-et-le-livre.com\/en\/wp-json\/wp\/v2\/media?parent=19471"}],"wp:term":[{"taxonomy":"product_brand","embeddable":true,"href":"https:\/\/limage-et-le-livre.com\/en\/wp-json\/wp\/v2\/product_brand?post=19471"},{"taxonomy":"product_cat","embeddable":true,"href":"https:\/\/limage-et-le-livre.com\/en\/wp-json\/wp\/v2\/product_cat?post=19471"},{"taxonomy":"product_tag","embeddable":true,"href":"https:\/\/limage-et-le-livre.com\/en\/wp-json\/wp\/v2\/product_tag?post=19471"}],"curies":[{"name":"wp","href":"https:\/\/api.w.org\/{rel}","templated":true}]}}