{"id":19484,"date":"2025-03-19T15:01:00","date_gmt":"2025-03-19T14:01:00","guid":{"rendered":"https:\/\/limage-et-le-livre.com\/boutique\/uncategorized\/traites-sur-differentes-matieres-de-droit-civil-appliquees-a-lusage-du-barreau-et-de-jurisprudence-francoise-treatises-on-various-subjects-of-civil-law-applied-to-the-use-of-the-bar-and-french-ca\/"},"modified":"2025-03-20T14:13:14","modified_gmt":"2025-03-20T13:13:14","slug":"traites-sur-differentes-matieres-de-droit-civil-appliquees-a-lusage-du-barreau-et-de-jurisprudence-francoise-treatises-on-various-subjects-of-civil-law-applied-to-the-use-of-the-bar-and-french-ca","status":"publish","type":"product","link":"https:\/\/limage-et-le-livre.com\/en\/books\/law\/traites-sur-differentes-matieres-de-droit-civil-appliquees-a-lusage-du-barreau-et-de-jurisprudence-francoise-treatises-on-various-subjects-of-civil-law-applied-to-the-use-of-the-bar-and-french-ca\/","title":{"rendered":"Trait\u00e9s sur diff\u00e9rentes matieres de droit..."},"content":{"rendered":"<p>Paris et Orl\u00e9ans, Chez Jean Debure et chez la Veuve Rouzeau-Montaut ; 4 volumes in-4 of LXXXI + 905 + XXVIII + 964 + XXII + 923 + XX + 694 + 136 pp. Contemporary full marbled calf, spine ribbed, decorated with gilt fleurons, title and appendices. Joints skilfully restored. Complete with fronstispiece portrait of Pothier engraved by Vincenzio Vangelisti after Le Noir. A fine set including the Trait\u00e9 des Obligations, the Trait\u00e9 du Contrat de Vente and the Trait\u00e9 des Retraits.    <\/p>\n<div id=\"gtx-trans\" style=\"position: absolute; left: -67px; top: -10px;\">\n<div class=\"gtx-trans-icon\"><\/div>\n<\/div>\n","protected":false},"excerpt":{"rendered":"<p>Trait\u00e9s sur diff\u00e9rentes matieres de droit civil, appliqu\u00e9es a l&#8217;usage du barreau et de jurisprudence fran\u00e7oise. Pothier (Robert-Joseph). 1773.  <\/p>\n","protected":false},"featured_media":13228,"template":"","meta":[],"product_brand":[],"product_cat":[5342,5372],"product_tag":[],"class_list":{"0":"post-19484","1":"product","2":"type-product","3":"status-publish","4":"has-post-thumbnail","6":"product_cat-books","7":"product_cat-law","8":"pa_annee-de-publication-1773-en","9":"pa_dimension-in-4-en","10":"pa_editeur-at-jean-debures","11":"pa_etat-de-conservation-good","12":"pa_langue-french","13":"pa_lieu-de-publication-paris-en","14":"pa_type-couverture-hard-cover","15":"pa_volume-4-en","17":"first","18":"outofstock","19":"purchasable","20":"product-type-simple"},"_links":{"self":[{"href":"https:\/\/limage-et-le-livre.com\/en\/wp-json\/wp\/v2\/product\/19484","targetHints":{"allow":["GET"]}}],"collection":[{"href":"https:\/\/limage-et-le-livre.com\/en\/wp-json\/wp\/v2\/product"}],"about":[{"href":"https:\/\/limage-et-le-livre.com\/en\/wp-json\/wp\/v2\/types\/product"}],"version-history":[{"count":0,"href":"https:\/\/limage-et-le-livre.com\/en\/wp-json\/wp\/v2\/product\/19484\/revisions"}],"wp:featuredmedia":[{"embeddable":true,"href":"https:\/\/limage-et-le-livre.com\/en\/wp-json\/wp\/v2\/media\/13228"}],"wp:attachment":[{"href":"https:\/\/limage-et-le-livre.com\/en\/wp-json\/wp\/v2\/media?parent=19484"}],"wp:term":[{"taxonomy":"product_brand","embeddable":true,"href":"https:\/\/limage-et-le-livre.com\/en\/wp-json\/wp\/v2\/product_brand?post=19484"},{"taxonomy":"product_cat","embeddable":true,"href":"https:\/\/limage-et-le-livre.com\/en\/wp-json\/wp\/v2\/product_cat?post=19484"},{"taxonomy":"product_tag","embeddable":true,"href":"https:\/\/limage-et-le-livre.com\/en\/wp-json\/wp\/v2\/product_tag?post=19484"}],"curies":[{"name":"wp","href":"https:\/\/api.w.org\/{rel}","templated":true}]}}