{"id":19491,"date":"2025-03-19T15:01:04","date_gmt":"2025-03-19T14:01:04","guid":{"rendered":"https:\/\/limage-et-le-livre.com\/boutique\/uncategorized\/oeuvres-completes-de-regnard-avec-des-avertissemens-et-des-remarques-sur-chaque-piece-by-m-garnier\/"},"modified":"2025-03-20T14:13:20","modified_gmt":"2025-03-20T13:13:20","slug":"oeuvres-completes-de-regnard-avec-des-avertissemens-et-des-remarques-sur-chaque-piece-by-m-garnier","status":"publish","type":"product","link":"https:\/\/limage-et-le-livre.com\/en\/books\/literature\/oeuvres-completes-de-regnard-avec-des-avertissemens-et-des-remarques-sur-chaque-piece-by-m-garnier\/","title":{"rendered":"Oeuvres compl\u00e8tes de Regnard, avec des..."},"content":{"rendered":"<p>Paris, Chez Lef\u00e8vre, 1810; 6 volumes in-8 of XXXVI+406+556+514+ 456+ 474+350. Midnight blue contemporary boards, gilt lettering and fillets on spine, red title page. Rubbing to boards, jaws cracked or split, dull headpieces, scattered foxing. Complete with frontispiece portrait of Regnard engraved by Tardieu after Hyacinthe Rigaud and 11 plates. New edition, after Didot jeune in 1789.    <\/p>\n<div id=\"gtx-trans\" style=\"position: absolute; left: -67px; top: -10px;\">\n<div class=\"gtx-trans-icon\"><\/div>\n<\/div>\n","protected":false},"excerpt":{"rendered":"<p>Oeuvres compl\u00e8tes de Regnard, avec des avertissemens et des remarques sur chaque pi\u00e8ce, by M. Garnier. Regnard (Jean-Fran\u00e7ois). 1810. <\/p>\n","protected":false},"featured_media":13268,"template":"","meta":[],"product_brand":[],"product_cat":[5342,5351],"product_tag":[8312],"class_list":{"0":"post-19491","1":"product","2":"type-product","3":"status-publish","4":"has-post-thumbnail","6":"product_cat-books","7":"product_cat-literature","8":"product_tag-theater","9":"pa_annee-de-publication-1810-en","10":"pa_dimension-in-8-en","11":"pa_editeur-lefevre-en","12":"pa_etat-de-conservation-acceptable","13":"pa_langue-french","14":"pa_lieu-de-publication-paris-en","15":"pa_type-couverture-hard-cover","16":"pa_volume-6-en","18":"first","19":"instock","20":"purchasable","21":"product-type-simple"},"_links":{"self":[{"href":"https:\/\/limage-et-le-livre.com\/en\/wp-json\/wp\/v2\/product\/19491","targetHints":{"allow":["GET"]}}],"collection":[{"href":"https:\/\/limage-et-le-livre.com\/en\/wp-json\/wp\/v2\/product"}],"about":[{"href":"https:\/\/limage-et-le-livre.com\/en\/wp-json\/wp\/v2\/types\/product"}],"version-history":[{"count":0,"href":"https:\/\/limage-et-le-livre.com\/en\/wp-json\/wp\/v2\/product\/19491\/revisions"}],"wp:featuredmedia":[{"embeddable":true,"href":"https:\/\/limage-et-le-livre.com\/en\/wp-json\/wp\/v2\/media\/13268"}],"wp:attachment":[{"href":"https:\/\/limage-et-le-livre.com\/en\/wp-json\/wp\/v2\/media?parent=19491"}],"wp:term":[{"taxonomy":"product_brand","embeddable":true,"href":"https:\/\/limage-et-le-livre.com\/en\/wp-json\/wp\/v2\/product_brand?post=19491"},{"taxonomy":"product_cat","embeddable":true,"href":"https:\/\/limage-et-le-livre.com\/en\/wp-json\/wp\/v2\/product_cat?post=19491"},{"taxonomy":"product_tag","embeddable":true,"href":"https:\/\/limage-et-le-livre.com\/en\/wp-json\/wp\/v2\/product_tag?post=19491"}],"curies":[{"name":"wp","href":"https:\/\/api.w.org\/{rel}","templated":true}]}}