{"id":19493,"date":"2025-03-19T15:01:04","date_gmt":"2025-03-19T14:01:04","guid":{"rendered":"https:\/\/limage-et-le-livre.com\/boutique\/uncategorized\/comparison-of-the-morals-and-maxims-of-the-gospel-and-the-apostles-with-the-conduct-of-the-clergy-from-the-first-centuries-of-the-church-to-the-present-day\/"},"modified":"2025-03-20T14:13:18","modified_gmt":"2025-03-20T13:13:18","slug":"comparison-of-the-morals-and-maxims-of-the-gospel-and-the-apostles-with-the-conduct-of-the-clergy-from-the-first-centuries-of-the-church-to-the-present-day","status":"publish","type":"product","link":"https:\/\/limage-et-le-livre.com\/en\/books\/religion-en\/comparison-of-the-morals-and-maxims-of-the-gospel-and-the-apostles-with-the-conduct-of-the-clergy-from-the-first-centuries-of-the-church-to-the-present-day\/","title":{"rendered":"Comparison of the morals and maxims..."},"content":{"rendered":"<p>Paris, Chez Gueffier, 1792; small in-8, 399 pages. Half calf, smooth spine, title page, gilt fillets. Some spotting, 2 tears on pp. 131 and 305. Observations by Dubost (Barbier I, 652) &#8220;intended to enlighten country folk&#8221;.    <\/p>\n<div id=\"gtx-trans\" style=\"position: absolute; left: -67px; top: -10px;\">\n<div class=\"gtx-trans-icon\"><\/div>\n<\/div>\n","protected":false},"excerpt":{"rendered":"<p>Comparaison de la morale et des maximes de l&#8217;Evangile et des ap\u00f4tres, avec la conduite du clerg\u00e9, depuis les premiers si\u00e8cles de l&#8217;Eglise jusqu&#8217;\u00e0 nos jours. [Dubost]. 1792. <\/p>\n","protected":false},"featured_media":13266,"template":"","meta":[],"product_brand":[],"product_cat":[5342,5362],"product_tag":[],"class_list":{"0":"post-19493","1":"product","2":"type-product","3":"status-publish","4":"has-post-thumbnail","6":"product_cat-books","7":"product_cat-religion-en","8":"pa_annee-de-publication-1792-en","9":"pa_dimension-in-8-en","10":"pa_editeur-gueffier-en","11":"pa_etat-de-conservation-acceptable","12":"pa_langue-french","13":"pa_lieu-de-publication-paris-en","14":"pa_type-couverture-hard-cover","16":"first","17":"outofstock","18":"purchasable","19":"product-type-simple"},"_links":{"self":[{"href":"https:\/\/limage-et-le-livre.com\/en\/wp-json\/wp\/v2\/product\/19493","targetHints":{"allow":["GET"]}}],"collection":[{"href":"https:\/\/limage-et-le-livre.com\/en\/wp-json\/wp\/v2\/product"}],"about":[{"href":"https:\/\/limage-et-le-livre.com\/en\/wp-json\/wp\/v2\/types\/product"}],"version-history":[{"count":0,"href":"https:\/\/limage-et-le-livre.com\/en\/wp-json\/wp\/v2\/product\/19493\/revisions"}],"wp:featuredmedia":[{"embeddable":true,"href":"https:\/\/limage-et-le-livre.com\/en\/wp-json\/wp\/v2\/media\/13266"}],"wp:attachment":[{"href":"https:\/\/limage-et-le-livre.com\/en\/wp-json\/wp\/v2\/media?parent=19493"}],"wp:term":[{"taxonomy":"product_brand","embeddable":true,"href":"https:\/\/limage-et-le-livre.com\/en\/wp-json\/wp\/v2\/product_brand?post=19493"},{"taxonomy":"product_cat","embeddable":true,"href":"https:\/\/limage-et-le-livre.com\/en\/wp-json\/wp\/v2\/product_cat?post=19493"},{"taxonomy":"product_tag","embeddable":true,"href":"https:\/\/limage-et-le-livre.com\/en\/wp-json\/wp\/v2\/product_tag?post=19493"}],"curies":[{"name":"wp","href":"https:\/\/api.w.org\/{rel}","templated":true}]}}