{"id":19498,"date":"2025-03-19T15:01:08","date_gmt":"2025-03-19T14:01:08","guid":{"rendered":"https:\/\/limage-et-le-livre.com\/boutique\/uncategorized\/bulletin-de-la-societe-philomatique-vosgienne-14th-year-1888-89\/"},"modified":"2025-03-20T14:13:24","modified_gmt":"2025-03-20T13:13:24","slug":"bulletin-de-la-societe-philomatique-vosgienne-14th-year-1888-89","status":"publish","type":"product","link":"https:\/\/limage-et-le-livre.com\/en\/books\/geography-and-travel\/france-en\/lorraine-en\/bulletin-de-la-societe-philomatique-vosgienne-14th-year-1888-89\/","title":{"rendered":"Bulletin de la Soci\u00e9t\u00e9 philomatique vosgienne..."},"content":{"rendered":"<p>Saint-Di\u00e9, Imprimerie L. Humbert, 1889; large in-8 paperback, 381 pages, 1 f. table. Printed boards and spine. Spine partly split, some booklets partly unbound. Complete with 23 lithographs concerning the sigillography of Saint-Di\u00e9. Contains the following works: Entr\u00e9es et Serments des ducs de Lorraine \u00e0 Remiremont, by Bernard Puton; Jean de Joinville, compagnon et historien de Saint Louis, \u00e0 propos de Saint Nicolas de Lorraine, by P. de Boureulle; Sigillographie de Saint-Di\u00e9 (avec planches), by Edouard Ferry and Gaston Save; M\u00e9moires de Madame la Comtesse Marie-Antoinette de Messey, ancienne chanoinesse de Remiremont, published by Abb\u00e9 Chapelier; Les Descendants des du Ch\u00e2telet, by Viscount de Warren; Un Collaborateur de Buffon: l&#8217;abb\u00e9 Bexon, sa vie et ses oeuvres, by Abb\u00e9 E. Buisson; Fondation par Madame Adela\u00efde de France de trente places d&#8217;\u00e9ducation dans le monast\u00e8re de Mirecourt, by Abb\u00e9 Chapelier.     <\/p>\n<div id=\"gtx-trans\" style=\"position: absolute; left: -67px; top: -10px;\">\n<div class=\"gtx-trans-icon\"><\/div>\n<\/div>\n","protected":false},"excerpt":{"rendered":"<p>Bulletin de la Soci\u00e9t\u00e9 philomatique vosgienne &#8211; 14me ann\u00e9e &#8211; 1888-89. [Lorraine]. [Collectif]. 1889. <\/p>\n","protected":false},"featured_media":13288,"template":"","meta":[],"product_brand":[],"product_cat":[5342,5349,5348,5376],"product_tag":[],"class_list":{"0":"post-19498","1":"product","2":"type-product","3":"status-publish","4":"has-post-thumbnail","6":"product_cat-books","7":"product_cat-france-en","8":"product_cat-geography-and-travel","9":"product_cat-lorraine-en","10":"pa_annee-de-publication-1889-en","11":"pa_dimension-in-8-en","12":"pa_editeur-imprimerie-l-humbert-en","13":"pa_etat-de-conservation-acceptable","14":"pa_langue-french","15":"pa_lieu-de-publication-saint-die-en","16":"pa_type-couverture-soft-cover","18":"first","19":"instock","20":"purchasable","21":"product-type-simple"},"_links":{"self":[{"href":"https:\/\/limage-et-le-livre.com\/en\/wp-json\/wp\/v2\/product\/19498","targetHints":{"allow":["GET"]}}],"collection":[{"href":"https:\/\/limage-et-le-livre.com\/en\/wp-json\/wp\/v2\/product"}],"about":[{"href":"https:\/\/limage-et-le-livre.com\/en\/wp-json\/wp\/v2\/types\/product"}],"version-history":[{"count":0,"href":"https:\/\/limage-et-le-livre.com\/en\/wp-json\/wp\/v2\/product\/19498\/revisions"}],"wp:featuredmedia":[{"embeddable":true,"href":"https:\/\/limage-et-le-livre.com\/en\/wp-json\/wp\/v2\/media\/13288"}],"wp:attachment":[{"href":"https:\/\/limage-et-le-livre.com\/en\/wp-json\/wp\/v2\/media?parent=19498"}],"wp:term":[{"taxonomy":"product_brand","embeddable":true,"href":"https:\/\/limage-et-le-livre.com\/en\/wp-json\/wp\/v2\/product_brand?post=19498"},{"taxonomy":"product_cat","embeddable":true,"href":"https:\/\/limage-et-le-livre.com\/en\/wp-json\/wp\/v2\/product_cat?post=19498"},{"taxonomy":"product_tag","embeddable":true,"href":"https:\/\/limage-et-le-livre.com\/en\/wp-json\/wp\/v2\/product_tag?post=19498"}],"curies":[{"name":"wp","href":"https:\/\/api.w.org\/{rel}","templated":true}]}}