{"id":19503,"date":"2025-03-19T15:01:08","date_gmt":"2025-03-19T14:01:08","guid":{"rendered":"https:\/\/limage-et-le-livre.com\/boutique\/uncategorized\/radjas-wife\/"},"modified":"2025-03-20T14:13:22","modified_gmt":"2025-03-20T13:13:22","slug":"radjas-wife","status":"publish","type":"product","link":"https:\/\/limage-et-le-livre.com\/en\/prints-and-engravings\/prints\/cartography-and-travel\/asia\/india\/radjas-wife\/","title":{"rendered":"R\u00e2dja&#8217;s wife"},"content":{"rendered":"<p>Woman of R\u00e2dja. Lithograph by Feuch\u00e8re. 1837.   Hand-colored. Printed by Marlet. Minor foxing. Sheet size: 375 x 274 mm. Subject size: 172 x 191 mm.   <\/p>\n<div id=\"gtx-trans\" style=\"position: absolute; left: -67px; top: -10px;\">\n<div class=\"gtx-trans-icon\"><\/div>\n<\/div>\n","protected":false},"excerpt":{"rendered":"<p>Woman of R\u00e2dja. Lithograph by Feuch\u00e8re. 1837.  <\/p>\n","protected":false},"featured_media":13294,"template":"","meta":[],"product_brand":[],"product_cat":[5393,5388,5490,5387,5386],"product_tag":[],"class_list":{"0":"post-19503","1":"product","2":"type-product","3":"status-publish","4":"has-post-thumbnail","6":"product_cat-asia","7":"product_cat-cartography-and-travel","8":"product_cat-india","9":"product_cat-prints","10":"product_cat-prints-and-engravings","11":"pa_etat-de-conservation-good","12":"pa_type-couverture-no-cover","14":"first","15":"instock","16":"purchasable","17":"product-type-simple"},"_links":{"self":[{"href":"https:\/\/limage-et-le-livre.com\/en\/wp-json\/wp\/v2\/product\/19503","targetHints":{"allow":["GET"]}}],"collection":[{"href":"https:\/\/limage-et-le-livre.com\/en\/wp-json\/wp\/v2\/product"}],"about":[{"href":"https:\/\/limage-et-le-livre.com\/en\/wp-json\/wp\/v2\/types\/product"}],"version-history":[{"count":0,"href":"https:\/\/limage-et-le-livre.com\/en\/wp-json\/wp\/v2\/product\/19503\/revisions"}],"wp:featuredmedia":[{"embeddable":true,"href":"https:\/\/limage-et-le-livre.com\/en\/wp-json\/wp\/v2\/media\/13294"}],"wp:attachment":[{"href":"https:\/\/limage-et-le-livre.com\/en\/wp-json\/wp\/v2\/media?parent=19503"}],"wp:term":[{"taxonomy":"product_brand","embeddable":true,"href":"https:\/\/limage-et-le-livre.com\/en\/wp-json\/wp\/v2\/product_brand?post=19503"},{"taxonomy":"product_cat","embeddable":true,"href":"https:\/\/limage-et-le-livre.com\/en\/wp-json\/wp\/v2\/product_cat?post=19503"},{"taxonomy":"product_tag","embeddable":true,"href":"https:\/\/limage-et-le-livre.com\/en\/wp-json\/wp\/v2\/product_tag?post=19503"}],"curies":[{"name":"wp","href":"https:\/\/api.w.org\/{rel}","templated":true}]}}