{"id":19509,"date":"2025-03-19T15:01:09","date_gmt":"2025-03-19T14:01:09","guid":{"rendered":"https:\/\/limage-et-le-livre.com\/boutique\/uncategorized\/euclids-elements-of-geometry-translated-literally-and-followed-by-a-treatise-on-the-circle-cylinder-cone-and-sphere-on-the-measurement-of-surfaces-and-solids-with-notes\/"},"modified":"2025-03-20T14:13:28","modified_gmt":"2025-03-20T13:13:28","slug":"euclids-elements-of-geometry-translated-literally-and-followed-by-a-treatise-on-the-circle-cylinder-cone-and-sphere-on-the-measurement-of-surfaces-and-solids-with-notes","status":"publish","type":"product","link":"https:\/\/limage-et-le-livre.com\/en\/books\/science-and-technology\/euclids-elements-of-geometry-translated-literally-and-followed-by-a-treatise-on-the-circle-cylinder-cone-and-sphere-on-the-measurement-of-surfaces-and-solids-with-notes\/","title":{"rendered":"Euclid&#8217;s Elements of Geometry, translated literally,..."},"content":{"rendered":"<p>Paris, Chez F. Louis, 1809; small in-8 of 1 f., XV, 578 pages. Contemporary half basane, smooth spine, title page, ornate gilt bindings. Modest binding, spine unstained, marginal worm work on first cover and first 50 pages. Complete with 9 plates in-fine. Second edition, augmented by the fifth book.<\/p>\n<div id=\"gtx-trans\" style=\"position: absolute; left: -67px; top: -10px;\">\n<div class=\"gtx-trans-icon\"><\/div>\n<\/div>\n","protected":false},"excerpt":{"rendered":"<p>Les \u00e9l\u00e9mens de g\u00e9om\u00e9trie d&#8217;Euclide, traduits litt\u00e9ralement, et suivis d&#8217;un Trait\u00e9 du Cercle, du Cylindre, du C\u00f4ne et de la Sph\u00e8re ; de la Mesure des Surfaces et des Solides ; avec des Notes. Peyrard (Fran\u00e7ois). 1809.  <\/p>\n","protected":false},"featured_media":13301,"template":"","meta":[],"product_brand":[],"product_cat":[5342,5343],"product_tag":[],"class_list":{"0":"post-19509","1":"product","2":"type-product","3":"status-publish","4":"has-post-thumbnail","6":"product_cat-books","7":"product_cat-science-and-technology","8":"pa_annee-de-publication-1809-en","9":"pa_dimension-in-8-en","10":"pa_editeur-f-louis-en","11":"pa_etat-de-conservation-acceptable","12":"pa_langue-french","13":"pa_lieu-de-publication-paris-en","14":"pa_type-couverture-hard-cover","16":"first","17":"outofstock","18":"purchasable","19":"product-type-simple"},"_links":{"self":[{"href":"https:\/\/limage-et-le-livre.com\/en\/wp-json\/wp\/v2\/product\/19509","targetHints":{"allow":["GET"]}}],"collection":[{"href":"https:\/\/limage-et-le-livre.com\/en\/wp-json\/wp\/v2\/product"}],"about":[{"href":"https:\/\/limage-et-le-livre.com\/en\/wp-json\/wp\/v2\/types\/product"}],"version-history":[{"count":0,"href":"https:\/\/limage-et-le-livre.com\/en\/wp-json\/wp\/v2\/product\/19509\/revisions"}],"wp:featuredmedia":[{"embeddable":true,"href":"https:\/\/limage-et-le-livre.com\/en\/wp-json\/wp\/v2\/media\/13301"}],"wp:attachment":[{"href":"https:\/\/limage-et-le-livre.com\/en\/wp-json\/wp\/v2\/media?parent=19509"}],"wp:term":[{"taxonomy":"product_brand","embeddable":true,"href":"https:\/\/limage-et-le-livre.com\/en\/wp-json\/wp\/v2\/product_brand?post=19509"},{"taxonomy":"product_cat","embeddable":true,"href":"https:\/\/limage-et-le-livre.com\/en\/wp-json\/wp\/v2\/product_cat?post=19509"},{"taxonomy":"product_tag","embeddable":true,"href":"https:\/\/limage-et-le-livre.com\/en\/wp-json\/wp\/v2\/product_tag?post=19509"}],"curies":[{"name":"wp","href":"https:\/\/api.w.org\/{rel}","templated":true}]}}