{"id":19513,"date":"2025-03-19T15:01:13","date_gmt":"2025-03-19T14:01:13","guid":{"rendered":"https:\/\/limage-et-le-livre.com\/boutique\/uncategorized\/history-of-apothecaries\/"},"modified":"2025-03-20T14:13:32","modified_gmt":"2025-03-20T13:13:32","slug":"history-of-apothecaries","status":"publish","type":"product","link":"https:\/\/limage-et-le-livre.com\/en\/books\/science-and-technology\/medicine\/history-of-apothecaries\/","title":{"rendered":"History of apothecaries"},"content":{"rendered":"<p>Paris, A la direction de publicit\u00e9 m\u00e9dicale, 1853; in-8 of VII, 452 pages. Later half-chagrin with corners, spine ribbed, gilt author and title. Spine oiled, a few annotations in pencil. Histoire des apothicaires chez les principaux peuples du monde, depuis les temps les plus recul\u00e9s jusqu&#8217;\u00e0 nos jours, suivie du tableau de l&#8217;\u00e9tat actuel de la pharmacie en Europe, en Asie, en Afrique et en Am\u00e9rique. First cover preserved. First edition well bound.     <\/p>\n<div id=\"gtx-trans\" style=\"position: absolute; left: -67px; top: -10px;\">\n<div class=\"gtx-trans-icon\"><\/div>\n<\/div>\n","protected":false},"excerpt":{"rendered":"<p>History of apothecaries. Phillippe (Adrien). 1853.  <\/p>\n","protected":false},"featured_media":13326,"template":"","meta":[],"product_brand":[],"product_cat":[5342,5345,5343],"product_tag":[8351,8319],"class_list":{"0":"post-19513","1":"product","2":"type-product","3":"status-publish","4":"has-post-thumbnail","6":"product_cat-books","7":"product_cat-medicine","8":"product_cat-science-and-technology","9":"product_tag-first-edition","10":"product_tag-medicine","11":"pa_annee-de-publication-1853-en","12":"pa_dimension-in-8-en","13":"pa_editeur-to-the-medical-advertising-department","14":"pa_etat-de-conservation-good","15":"pa_langue-french","16":"pa_lieu-de-publication-paris-en","17":"pa_type-couverture-hard-cover","19":"first","20":"instock","21":"purchasable","22":"product-type-simple"},"_links":{"self":[{"href":"https:\/\/limage-et-le-livre.com\/en\/wp-json\/wp\/v2\/product\/19513","targetHints":{"allow":["GET"]}}],"collection":[{"href":"https:\/\/limage-et-le-livre.com\/en\/wp-json\/wp\/v2\/product"}],"about":[{"href":"https:\/\/limage-et-le-livre.com\/en\/wp-json\/wp\/v2\/types\/product"}],"version-history":[{"count":0,"href":"https:\/\/limage-et-le-livre.com\/en\/wp-json\/wp\/v2\/product\/19513\/revisions"}],"wp:featuredmedia":[{"embeddable":true,"href":"https:\/\/limage-et-le-livre.com\/en\/wp-json\/wp\/v2\/media\/13326"}],"wp:attachment":[{"href":"https:\/\/limage-et-le-livre.com\/en\/wp-json\/wp\/v2\/media?parent=19513"}],"wp:term":[{"taxonomy":"product_brand","embeddable":true,"href":"https:\/\/limage-et-le-livre.com\/en\/wp-json\/wp\/v2\/product_brand?post=19513"},{"taxonomy":"product_cat","embeddable":true,"href":"https:\/\/limage-et-le-livre.com\/en\/wp-json\/wp\/v2\/product_cat?post=19513"},{"taxonomy":"product_tag","embeddable":true,"href":"https:\/\/limage-et-le-livre.com\/en\/wp-json\/wp\/v2\/product_tag?post=19513"}],"curies":[{"name":"wp","href":"https:\/\/api.w.org\/{rel}","templated":true}]}}