{"id":19517,"date":"2025-03-19T15:01:15","date_gmt":"2025-03-19T14:01:15","guid":{"rendered":"https:\/\/limage-et-le-livre.com\/boutique\/uncategorized\/complete-erotic-works\/"},"modified":"2025-03-20T14:13:33","modified_gmt":"2025-03-20T13:13:33","slug":"complete-erotic-works","status":"publish","type":"product","link":"https:\/\/limage-et-le-livre.com\/en\/books\/complete-erotic-works\/","title":{"rendered":"Complete erotic works."},"content":{"rendered":"<p>S.n. [Marcel Lubineau] Barcelonnette, 1934; 3 volumes in 3 in-12 volumes of 96, 94 and 134 pages in leaves, in printed folded cover, in slipcase. Without hardback jacket, slight age-staining to folders and slipcase. Partly cut. Limited edition of 201 copies, one of 200 on laid paper (no. 58), illustrated with 24 original color drypoints attributed to Louis Berthomm\u00e9 Saint-Andr\u00e9. Preface signed P. P. (Pascal Pia). These three volumes of \u0152uvres \u00e9rotiques compl\u00e8tes include &#8220;Po\u00e9sies &#8211; Le Cort\u00e8ge priapique &#8211; Julie ou la Rose &#8211; le Verger des amours&#8221;, &#8220;Les Exploits d&#8217;un jeune Don Juan&#8221; and &#8220;Les Onze Mille Verges ou les Amours d&#8217;un hospodar&#8221;.     <\/p>\n<div id=\"gtx-trans\" style=\"position: absolute; left: -67px; top: -10px;\">\n<div class=\"gtx-trans-icon\"><\/div>\n<\/div>\n","protected":false},"excerpt":{"rendered":"<p>Complete erotic works. Apollinaire (Guillaume). 1934. <\/p>\n","protected":false},"featured_media":13334,"template":"","meta":[],"product_brand":[],"product_cat":[5342],"product_tag":[],"class_list":{"0":"post-19517","1":"product","2":"type-product","3":"status-publish","4":"has-post-thumbnail","6":"product_cat-books","7":"pa_annee-de-publication-1934-en","8":"pa_dimension-in-12-en","9":"pa_editeur-s-n-en","10":"pa_etat-de-conservation-good","11":"pa_illustrateur-louis-berthomme-saint-andre-en","12":"pa_langue-french","13":"pa_lieu-de-publication-barcelonnette-en","14":"pa_type-couverture-soft-cover","16":"first","17":"outofstock","18":"purchasable","19":"product-type-simple"},"_links":{"self":[{"href":"https:\/\/limage-et-le-livre.com\/en\/wp-json\/wp\/v2\/product\/19517","targetHints":{"allow":["GET"]}}],"collection":[{"href":"https:\/\/limage-et-le-livre.com\/en\/wp-json\/wp\/v2\/product"}],"about":[{"href":"https:\/\/limage-et-le-livre.com\/en\/wp-json\/wp\/v2\/types\/product"}],"version-history":[{"count":0,"href":"https:\/\/limage-et-le-livre.com\/en\/wp-json\/wp\/v2\/product\/19517\/revisions"}],"wp:featuredmedia":[{"embeddable":true,"href":"https:\/\/limage-et-le-livre.com\/en\/wp-json\/wp\/v2\/media\/13334"}],"wp:attachment":[{"href":"https:\/\/limage-et-le-livre.com\/en\/wp-json\/wp\/v2\/media?parent=19517"}],"wp:term":[{"taxonomy":"product_brand","embeddable":true,"href":"https:\/\/limage-et-le-livre.com\/en\/wp-json\/wp\/v2\/product_brand?post=19517"},{"taxonomy":"product_cat","embeddable":true,"href":"https:\/\/limage-et-le-livre.com\/en\/wp-json\/wp\/v2\/product_cat?post=19517"},{"taxonomy":"product_tag","embeddable":true,"href":"https:\/\/limage-et-le-livre.com\/en\/wp-json\/wp\/v2\/product_tag?post=19517"}],"curies":[{"name":"wp","href":"https:\/\/api.w.org\/{rel}","templated":true}]}}