{"id":19519,"date":"2025-03-19T15:01:15","date_gmt":"2025-03-19T14:01:15","guid":{"rendered":"https:\/\/limage-et-le-livre.com\/boutique\/uncategorized\/les-caracteres-de-theophraste-et-de-la-bruyere-avec-des-notes-par-m-coste\/"},"modified":"2025-03-20T14:13:33","modified_gmt":"2025-03-20T13:13:33","slug":"les-caracteres-de-theophraste-et-de-la-bruyere-avec-des-notes-par-m-coste","status":"publish","type":"product","link":"https:\/\/limage-et-le-livre.com\/en\/books\/les-caracteres-de-theophraste-et-de-la-bruyere-avec-des-notes-par-m-coste\/","title":{"rendered":"Les Caract\u00e8res de Th\u00e9ophraste et de..."},"content":{"rendered":"<p>Paris, Laurent Prault, Bailly, 1769 ; 2 volumes in-12 of 2 ff.n.ch. + XLVIII + 479 pp. + 2 ff.n.ch. + 563 pp. Contemporary full marbled calf, ribbed spine, gilded boxes decorated with fleurons, title and appendices. One upper and one lower headband trimmed, foxing. New edition based on the 1739 Paris edition. Embellished with a portrait-frontispiece of La Bruy\u00e8re engraved by Pierre Savart after Saint-Jean and vignettes by Fessard after Gravelot.<\/p>\n<div id=\"gtx-trans\" style=\"position: absolute; left: -67px; top: -10px;\">\n<div class=\"gtx-trans-icon\"><\/div>\n<\/div>\n","protected":false},"excerpt":{"rendered":"<p>Les Caract\u00e8res de Th\u00e9ophraste et de La Bruy\u00e8re, Avec des Notes par M. Coste. 1769.<\/p>\n","protected":false},"featured_media":13337,"template":"","meta":[],"product_brand":[],"product_cat":[5342],"product_tag":[],"class_list":{"0":"post-19519","1":"product","2":"type-product","3":"status-publish","4":"has-post-thumbnail","6":"product_cat-books","7":"pa_annee-de-publication-1769-en","8":"pa_dimension-in-12-en","9":"pa_editeur-laurent-prault-bailly-en","10":"pa_etat-de-conservation-acceptable","11":"pa_langue-french","12":"pa_lieu-de-publication-paris-en","13":"pa_type-couverture-hard-cover","14":"pa_volume-2-en","16":"first","17":"outofstock","18":"purchasable","19":"product-type-simple"},"_links":{"self":[{"href":"https:\/\/limage-et-le-livre.com\/en\/wp-json\/wp\/v2\/product\/19519","targetHints":{"allow":["GET"]}}],"collection":[{"href":"https:\/\/limage-et-le-livre.com\/en\/wp-json\/wp\/v2\/product"}],"about":[{"href":"https:\/\/limage-et-le-livre.com\/en\/wp-json\/wp\/v2\/types\/product"}],"version-history":[{"count":0,"href":"https:\/\/limage-et-le-livre.com\/en\/wp-json\/wp\/v2\/product\/19519\/revisions"}],"wp:featuredmedia":[{"embeddable":true,"href":"https:\/\/limage-et-le-livre.com\/en\/wp-json\/wp\/v2\/media\/13337"}],"wp:attachment":[{"href":"https:\/\/limage-et-le-livre.com\/en\/wp-json\/wp\/v2\/media?parent=19519"}],"wp:term":[{"taxonomy":"product_brand","embeddable":true,"href":"https:\/\/limage-et-le-livre.com\/en\/wp-json\/wp\/v2\/product_brand?post=19519"},{"taxonomy":"product_cat","embeddable":true,"href":"https:\/\/limage-et-le-livre.com\/en\/wp-json\/wp\/v2\/product_cat?post=19519"},{"taxonomy":"product_tag","embeddable":true,"href":"https:\/\/limage-et-le-livre.com\/en\/wp-json\/wp\/v2\/product_tag?post=19519"}],"curies":[{"name":"wp","href":"https:\/\/api.w.org\/{rel}","templated":true}]}}