{"id":19525,"date":"2025-03-19T15:01:17","date_gmt":"2025-03-19T14:01:17","guid":{"rendered":"https:\/\/limage-et-le-livre.com\/boutique\/uncategorized\/souvenir-des-vosges\/"},"modified":"2025-03-19T15:01:17","modified_gmt":"2025-03-19T14:01:17","slug":"souvenir-des-vosges","status":"publish","type":"product","link":"https:\/\/limage-et-le-livre.com\/en\/varia-en\/postcards\/souvenir-des-vosges\/","title":{"rendered":"Souvenir des Vosges"},"content":{"rendered":"<p>Souvenir des Vosges. La Schlucht. Saint-Di\u00e9. Contrexeville, Pavillon spring. Epinal. Saint-Di\u00e9, the statue of Jules Ferry, the cloister. Antique postcard published by Adolphe Weick, Saint-Di\u00e9. Circa 1900.       <\/p>\n<div id=\"gtx-trans\" style=\"position: absolute; left: -67px; top: -10px;\">\n<div class=\"gtx-trans-icon\"><\/div>\n<\/div>\n","protected":false},"excerpt":{"rendered":"<p>Souvenir des Vosges. Antique postcard. Circa 1900.  <\/p>\n","protected":false},"featured_media":13358,"template":"","meta":[],"product_brand":[],"product_cat":[5479,5386,5451],"product_tag":[],"class_list":{"0":"post-19525","1":"product","2":"type-product","3":"status-publish","4":"has-post-thumbnail","6":"product_cat-postcards","7":"product_cat-prints-and-engravings","8":"product_cat-varia-en","9":"pa_editeur-adolphe-weick-en","10":"pa_etat-de-conservation-good","11":"pa_langue-french","12":"pa_lieu-de-publication-saint-die-en","13":"pa_type-couverture-no-cover","15":"first","16":"instock","17":"purchasable","18":"product-type-simple"},"_links":{"self":[{"href":"https:\/\/limage-et-le-livre.com\/en\/wp-json\/wp\/v2\/product\/19525","targetHints":{"allow":["GET"]}}],"collection":[{"href":"https:\/\/limage-et-le-livre.com\/en\/wp-json\/wp\/v2\/product"}],"about":[{"href":"https:\/\/limage-et-le-livre.com\/en\/wp-json\/wp\/v2\/types\/product"}],"version-history":[{"count":0,"href":"https:\/\/limage-et-le-livre.com\/en\/wp-json\/wp\/v2\/product\/19525\/revisions"}],"wp:featuredmedia":[{"embeddable":true,"href":"https:\/\/limage-et-le-livre.com\/en\/wp-json\/wp\/v2\/media\/13358"}],"wp:attachment":[{"href":"https:\/\/limage-et-le-livre.com\/en\/wp-json\/wp\/v2\/media?parent=19525"}],"wp:term":[{"taxonomy":"product_brand","embeddable":true,"href":"https:\/\/limage-et-le-livre.com\/en\/wp-json\/wp\/v2\/product_brand?post=19525"},{"taxonomy":"product_cat","embeddable":true,"href":"https:\/\/limage-et-le-livre.com\/en\/wp-json\/wp\/v2\/product_cat?post=19525"},{"taxonomy":"product_tag","embeddable":true,"href":"https:\/\/limage-et-le-livre.com\/en\/wp-json\/wp\/v2\/product_tag?post=19525"}],"curies":[{"name":"wp","href":"https:\/\/api.w.org\/{rel}","templated":true}]}}