{"id":19563,"date":"2025-03-19T15:01:32","date_gmt":"2025-03-19T14:01:32","guid":{"rendered":"https:\/\/limage-et-le-livre.com\/boutique\/uncategorized\/dissertation-sur-la-glace-ou-explication-physique-de-la-formation-de-la-glace-de-ses-divers-phenomenes\/"},"modified":"2025-03-20T14:13:50","modified_gmt":"2025-03-20T13:13:50","slug":"dissertation-sur-la-glace-ou-explication-physique-de-la-formation-de-la-glace-de-ses-divers-phenomenes","status":"publish","type":"product","link":"https:\/\/limage-et-le-livre.com\/en\/books\/science-and-technology\/dissertation-sur-la-glace-ou-explication-physique-de-la-formation-de-la-glace-de-ses-divers-phenomenes\/","title":{"rendered":"Dissertation sur la Glace, ou Explication..."},"content":{"rendered":"<p>Paris, Imprimerie royale, 1749; in-12 of XXIX + 5 f.n.ch. + 384 + XX. Contemporary full marbled calf, spine with false nerves, ornamented caissons with fleurons, title page, gilt fillets on covers, roulette on edges. Beginning of splitting at the upper spine ends, missing spine ends and lower headpiece, lower corner of 1st board, very slight spotting. First illustrated edition, complete with frontispiece and 5 folding engraved plates in fine, of this work by mathematician and physicist Jean-Jacques Dortous de Mairan (1678-1771), member of the Acad\u00e9mie des sciences and the Acad\u00e9mie fran\u00e7aise.    <\/p>\n<div id=\"gtx-trans\" style=\"position: absolute; left: -67px; top: -10px;\">\n<div class=\"gtx-trans-icon\"><\/div>\n<\/div>\n","protected":false},"excerpt":{"rendered":"<p>Dissertation sur la Glace, ou Explication physique de la formation de la Glace, &amp; de ses divers ph\u00e9nom\u00e8nes. Dortous de Mairan (Jean-Jacques). 1749. <\/p>\n","protected":false},"featured_media":13439,"template":"","meta":[],"product_brand":[],"product_cat":[5342,5343],"product_tag":[],"class_list":{"0":"post-19563","1":"product","2":"type-product","3":"status-publish","4":"has-post-thumbnail","6":"product_cat-books","7":"product_cat-science-and-technology","8":"pa_annee-de-publication-1749-en","9":"pa_dimension-in-12-en","10":"pa_editeur-imprimerie-royale-en","11":"pa_etat-de-conservation-good","12":"pa_langue-french","13":"pa_lieu-de-publication-paris-en","14":"pa_type-couverture-hard-cover","16":"first","17":"instock","18":"purchasable","19":"product-type-simple"},"_links":{"self":[{"href":"https:\/\/limage-et-le-livre.com\/en\/wp-json\/wp\/v2\/product\/19563","targetHints":{"allow":["GET"]}}],"collection":[{"href":"https:\/\/limage-et-le-livre.com\/en\/wp-json\/wp\/v2\/product"}],"about":[{"href":"https:\/\/limage-et-le-livre.com\/en\/wp-json\/wp\/v2\/types\/product"}],"version-history":[{"count":0,"href":"https:\/\/limage-et-le-livre.com\/en\/wp-json\/wp\/v2\/product\/19563\/revisions"}],"wp:featuredmedia":[{"embeddable":true,"href":"https:\/\/limage-et-le-livre.com\/en\/wp-json\/wp\/v2\/media\/13439"}],"wp:attachment":[{"href":"https:\/\/limage-et-le-livre.com\/en\/wp-json\/wp\/v2\/media?parent=19563"}],"wp:term":[{"taxonomy":"product_brand","embeddable":true,"href":"https:\/\/limage-et-le-livre.com\/en\/wp-json\/wp\/v2\/product_brand?post=19563"},{"taxonomy":"product_cat","embeddable":true,"href":"https:\/\/limage-et-le-livre.com\/en\/wp-json\/wp\/v2\/product_cat?post=19563"},{"taxonomy":"product_tag","embeddable":true,"href":"https:\/\/limage-et-le-livre.com\/en\/wp-json\/wp\/v2\/product_tag?post=19563"}],"curies":[{"name":"wp","href":"https:\/\/api.w.org\/{rel}","templated":true}]}}