{"id":19576,"date":"2025-03-19T14:56:35","date_gmt":"2025-03-19T13:56:35","guid":{"rendered":"https:\/\/limage-et-le-livre.com\/boutique\/uncategorized\/ou-le-pere-a-passe-volume-1-au-berceau-de-lalpinisme-sans-guide-volume-2-leducation-par-les-cimes\/"},"modified":"2025-03-20T17:49:42","modified_gmt":"2025-03-20T16:49:42","slug":"ou-le-pere-a-passe-volume-1-au-berceau-de-lalpinisme-sans-guide-volume-2-leducation-par-les-cimes","status":"publish","type":"product","link":"https:\/\/limage-et-le-livre.com\/en\/books\/art-of-living\/sports-en\/mountaineering\/ou-le-pere-a-passe-volume-1-au-berceau-de-lalpinisme-sans-guide-volume-2-leducation-par-les-cimes\/","title":{"rendered":"O\u00f9 Le P\u00e8re A Pass\u00e9. Volume..."},"content":{"rendered":"<p>Paris, Editions Argo, 1928; two large in-8 paperback volumes, 318 and 284 pp. First edition, complete with hors-texts: 18 for the first volume, 24 for the second volume and portrait of the author. Minor foxing, 3 cm split on spine of 1st volume, otherwise good condition.  <\/p>\n<div id=\"gtx-trans\" style=\"position: absolute; left: -67px; top: -10px;\">\n<div class=\"gtx-trans-icon\"><\/div>\n<\/div>\n","protected":false},"excerpt":{"rendered":"<p>Paris, Editions Argo, 1928; two large in-8 paperback volumes, 318 and 284 pp. First edition, complete with hors-texts: 18 for<\/p>\n","protected":false},"featured_media":11801,"template":"","meta":[],"product_brand":[],"product_cat":[5354,5342,5409,5408],"product_tag":[],"class_list":{"0":"post-19576","1":"product","2":"type-product","3":"status-publish","4":"has-post-thumbnail","6":"product_cat-art-of-living","7":"product_cat-books","8":"product_cat-mountaineering","9":"product_cat-sports-en","10":"pa_annee-de-publication-1928-en","11":"pa_dimension-in-8-en","12":"pa_editeur-editions-argo-en","13":"pa_etat-de-conservation-good","14":"pa_langue-french","15":"pa_lieu-de-publication-paris-en","16":"pa_type-couverture-soft-cover","17":"pa_volume-2-en","19":"first","20":"outofstock","21":"purchasable","22":"product-type-simple"},"_links":{"self":[{"href":"https:\/\/limage-et-le-livre.com\/en\/wp-json\/wp\/v2\/product\/19576","targetHints":{"allow":["GET"]}}],"collection":[{"href":"https:\/\/limage-et-le-livre.com\/en\/wp-json\/wp\/v2\/product"}],"about":[{"href":"https:\/\/limage-et-le-livre.com\/en\/wp-json\/wp\/v2\/types\/product"}],"version-history":[{"count":0,"href":"https:\/\/limage-et-le-livre.com\/en\/wp-json\/wp\/v2\/product\/19576\/revisions"}],"wp:featuredmedia":[{"embeddable":true,"href":"https:\/\/limage-et-le-livre.com\/en\/wp-json\/wp\/v2\/media\/11801"}],"wp:attachment":[{"href":"https:\/\/limage-et-le-livre.com\/en\/wp-json\/wp\/v2\/media?parent=19576"}],"wp:term":[{"taxonomy":"product_brand","embeddable":true,"href":"https:\/\/limage-et-le-livre.com\/en\/wp-json\/wp\/v2\/product_brand?post=19576"},{"taxonomy":"product_cat","embeddable":true,"href":"https:\/\/limage-et-le-livre.com\/en\/wp-json\/wp\/v2\/product_cat?post=19576"},{"taxonomy":"product_tag","embeddable":true,"href":"https:\/\/limage-et-le-livre.com\/en\/wp-json\/wp\/v2\/product_tag?post=19576"}],"curies":[{"name":"wp","href":"https:\/\/api.w.org\/{rel}","templated":true}]}}