{"id":19580,"date":"2025-03-19T14:56:38","date_gmt":"2025-03-19T13:56:38","guid":{"rendered":"https:\/\/limage-et-le-livre.com\/boutique\/uncategorized\/the-art-of-making-eaux-de-vie\/"},"modified":"2025-03-20T17:49:48","modified_gmt":"2025-03-20T16:49:48","slug":"the-art-of-making-eaux-de-vie","status":"publish","type":"product","link":"https:\/\/limage-et-le-livre.com\/en\/books\/art-of-living\/gastronomy\/the-art-of-making-eaux-de-vie\/","title":{"rendered":"The Art of making eaux-de-vie"},"content":{"rendered":"<p>(Paris, Delalain fils, 1805); in-8, 210 pages, paperback, in contemporary dust jacket. L&#8217;Art de faire les eaux-de-vie, d&#8217;apr\u00e8s la doctrine de Chaptal, o\u00f9 l&#8217;on trouve le proc\u00e9d\u00e9 de Rozier (&#8230;) followed by L&#8217;Art de faire les vinaigres simples et compos\u00e9s (&#8230;). Without title or table, but complete with table for use in the eau de vie trade and 5 engravings in fine for this 1805 edition. Cover weakened, one leaf detached, otherwise fresh inside.   <\/p>\n<div id=\"gtx-trans\" style=\"position: absolute; left: -67px; top: -10px;\">\n<div class=\"gtx-trans-icon\"><\/div>\n<\/div>\n","protected":false},"excerpt":{"rendered":"<p>Put 190 in the store, not 180.<\/p>\n","protected":false},"featured_media":11951,"template":"","meta":[],"product_brand":[],"product_cat":[5354,5342,5378],"product_tag":[],"class_list":{"0":"post-19580","1":"product","2":"type-product","3":"status-publish","4":"has-post-thumbnail","6":"product_cat-art-of-living","7":"product_cat-books","8":"product_cat-gastronomy","9":"pa_annee-de-publication-1805-en","10":"pa_dimension-in-8-en","11":"pa_editeur-delalain-fils-en","12":"pa_etat-de-conservation-acceptable","13":"pa_langue-french","14":"pa_lieu-de-publication-paris-en","15":"pa_type-couverture-soft-cover","17":"first","18":"instock","19":"purchasable","20":"product-type-simple"},"_links":{"self":[{"href":"https:\/\/limage-et-le-livre.com\/en\/wp-json\/wp\/v2\/product\/19580","targetHints":{"allow":["GET"]}}],"collection":[{"href":"https:\/\/limage-et-le-livre.com\/en\/wp-json\/wp\/v2\/product"}],"about":[{"href":"https:\/\/limage-et-le-livre.com\/en\/wp-json\/wp\/v2\/types\/product"}],"version-history":[{"count":0,"href":"https:\/\/limage-et-le-livre.com\/en\/wp-json\/wp\/v2\/product\/19580\/revisions"}],"wp:featuredmedia":[{"embeddable":true,"href":"https:\/\/limage-et-le-livre.com\/en\/wp-json\/wp\/v2\/media\/11951"}],"wp:attachment":[{"href":"https:\/\/limage-et-le-livre.com\/en\/wp-json\/wp\/v2\/media?parent=19580"}],"wp:term":[{"taxonomy":"product_brand","embeddable":true,"href":"https:\/\/limage-et-le-livre.com\/en\/wp-json\/wp\/v2\/product_brand?post=19580"},{"taxonomy":"product_cat","embeddable":true,"href":"https:\/\/limage-et-le-livre.com\/en\/wp-json\/wp\/v2\/product_cat?post=19580"},{"taxonomy":"product_tag","embeddable":true,"href":"https:\/\/limage-et-le-livre.com\/en\/wp-json\/wp\/v2\/product_tag?post=19580"}],"curies":[{"name":"wp","href":"https:\/\/api.w.org\/{rel}","templated":true}]}}