{"id":19610,"date":"2025-03-19T14:56:50","date_gmt":"2025-03-19T13:56:50","guid":{"rendered":"https:\/\/limage-et-le-livre.com\/boutique\/uncategorized\/napoleon-harangues-the-grande-armee\/"},"modified":"2025-03-20T14:23:27","modified_gmt":"2025-03-20T13:23:27","slug":"napoleon-harangues-the-grande-armee","status":"publish","type":"product","link":"https:\/\/limage-et-le-livre.com\/en\/prints-and-engravings\/prints\/militaria-en\/napoleon-harangues-the-grande-armee\/","title":{"rendered":"Napoleon harangues the Grande Arm\u00e9e"},"content":{"rendered":"<p>After the painting &#8220;Napol\u00e9on harangue le 2\u00e8me corps de la Grande-Arm\u00e9e sur le pont de Lech \u00e0 Augsbourg&#8221; by Pierre Gautherot (1769 &#8211; 1825). Lithographed by Charles Motte (1785-1836). Hand-colored lithograph. First half of the 19th century. Sheet size : 437 x 556 mm. Subject size: 274 x 415 mm. A few marginal folds with no effect on the subject. A fine print.       <\/p>\n<div id=\"gtx-trans\" style=\"position: absolute; left: -67px; top: -10px;\">\n<div class=\"gtx-trans-icon\"><\/div>\n<\/div>\n","protected":false},"excerpt":{"rendered":"<p>After the painting &#8220;Napol\u00e9on harangue le 2\u00e8me corps de la Grande-Arm\u00e9e sur le pont de Lech \u00e0 Augsbourg&#8221; by Pierre<\/p>\n","protected":false},"featured_media":11998,"template":"","meta":[],"product_brand":[],"product_cat":[5429,5387,5386],"product_tag":[5622,5560,5616,5623],"class_list":{"0":"post-19610","1":"product","2":"type-product","3":"status-publish","4":"has-post-thumbnail","6":"product_cat-militaria-en","7":"product_cat-prints","8":"product_cat-prints-and-engravings","9":"product_tag-1st-empire","10":"product_tag-history","11":"product_tag-napoleon-en","12":"product_tag-napoleonic-campaigns","13":"pa_etat-de-conservation-good","14":"pa_illustrateur-motte-charles-en","15":"pa_langue-french","16":"pa_type-couverture-no-cover","18":"first","19":"outofstock","20":"purchasable","21":"product-type-simple"},"_links":{"self":[{"href":"https:\/\/limage-et-le-livre.com\/en\/wp-json\/wp\/v2\/product\/19610","targetHints":{"allow":["GET"]}}],"collection":[{"href":"https:\/\/limage-et-le-livre.com\/en\/wp-json\/wp\/v2\/product"}],"about":[{"href":"https:\/\/limage-et-le-livre.com\/en\/wp-json\/wp\/v2\/types\/product"}],"version-history":[{"count":0,"href":"https:\/\/limage-et-le-livre.com\/en\/wp-json\/wp\/v2\/product\/19610\/revisions"}],"wp:featuredmedia":[{"embeddable":true,"href":"https:\/\/limage-et-le-livre.com\/en\/wp-json\/wp\/v2\/media\/11998"}],"wp:attachment":[{"href":"https:\/\/limage-et-le-livre.com\/en\/wp-json\/wp\/v2\/media?parent=19610"}],"wp:term":[{"taxonomy":"product_brand","embeddable":true,"href":"https:\/\/limage-et-le-livre.com\/en\/wp-json\/wp\/v2\/product_brand?post=19610"},{"taxonomy":"product_cat","embeddable":true,"href":"https:\/\/limage-et-le-livre.com\/en\/wp-json\/wp\/v2\/product_cat?post=19610"},{"taxonomy":"product_tag","embeddable":true,"href":"https:\/\/limage-et-le-livre.com\/en\/wp-json\/wp\/v2\/product_tag?post=19610"}],"curies":[{"name":"wp","href":"https:\/\/api.w.org\/{rel}","templated":true}]}}