{"id":19626,"date":"2025-03-19T14:56:54","date_gmt":"2025-03-19T13:56:54","guid":{"rendered":"https:\/\/limage-et-le-livre.com\/boutique\/uncategorized\/college-life-in-england\/"},"modified":"2025-03-20T14:23:32","modified_gmt":"2025-03-20T13:23:32","slug":"college-life-in-england","status":"publish","type":"product","link":"https:\/\/limage-et-le-livre.com\/en\/books\/literature\/college-life-in-england\/","title":{"rendered":"College life in England"},"content":{"rendered":"<p>Paris, J. Hetzel et Cie, (1882?) ; in-8, 294 pages. Collection J. Hetzel, &#8220;Sc\u00e8nes de la vie de coll\u00e8ge de tous les pays&#8221; series. Publisher&#8217;s boards signed Len\u00e8gre. A few foxing marks, but otherwise handsome boards with gleaming gold.   <\/p>\n<div id=\"gtx-trans\" style=\"position: absolute; left: -67px; top: -10px;\">\n<div class=\"gtx-trans-icon\"><\/div>\n<\/div>\n","protected":false},"excerpt":{"rendered":"<p>Paris, J. Hetzel et Cie, (1882?) ; in-8, 294 pages. Collection J. Hetzel, &#8220;Sc\u00e8nes de la vie de coll\u00e8ge de<\/p>\n","protected":false},"featured_media":11934,"template":"","meta":[],"product_brand":[],"product_cat":[5342,5351],"product_tag":[],"class_list":{"0":"post-19626","1":"product","2":"type-product","3":"status-publish","4":"has-post-thumbnail","6":"product_cat-books","7":"product_cat-literature","8":"pa_annee-de-publication-1882-en","9":"pa_dimension-in-8-en","10":"pa_editeur-j-hetzel-et-cie-en","11":"pa_etat-de-conservation-very-good","12":"pa_illustrateur-philippoteaux-p-en","13":"pa_langue-french","14":"pa_lieu-de-publication-paris-en","15":"pa_type-couverture-hard-cover","17":"first","18":"instock","19":"purchasable","20":"product-type-simple"},"_links":{"self":[{"href":"https:\/\/limage-et-le-livre.com\/en\/wp-json\/wp\/v2\/product\/19626","targetHints":{"allow":["GET"]}}],"collection":[{"href":"https:\/\/limage-et-le-livre.com\/en\/wp-json\/wp\/v2\/product"}],"about":[{"href":"https:\/\/limage-et-le-livre.com\/en\/wp-json\/wp\/v2\/types\/product"}],"version-history":[{"count":0,"href":"https:\/\/limage-et-le-livre.com\/en\/wp-json\/wp\/v2\/product\/19626\/revisions"}],"wp:featuredmedia":[{"embeddable":true,"href":"https:\/\/limage-et-le-livre.com\/en\/wp-json\/wp\/v2\/media\/11934"}],"wp:attachment":[{"href":"https:\/\/limage-et-le-livre.com\/en\/wp-json\/wp\/v2\/media?parent=19626"}],"wp:term":[{"taxonomy":"product_brand","embeddable":true,"href":"https:\/\/limage-et-le-livre.com\/en\/wp-json\/wp\/v2\/product_brand?post=19626"},{"taxonomy":"product_cat","embeddable":true,"href":"https:\/\/limage-et-le-livre.com\/en\/wp-json\/wp\/v2\/product_cat?post=19626"},{"taxonomy":"product_tag","embeddable":true,"href":"https:\/\/limage-et-le-livre.com\/en\/wp-json\/wp\/v2\/product_tag?post=19626"}],"curies":[{"name":"wp","href":"https:\/\/api.w.org\/{rel}","templated":true}]}}