{"id":19648,"date":"2025-03-19T14:57:01","date_gmt":"2025-03-19T13:57:01","guid":{"rendered":"https:\/\/limage-et-le-livre.com\/boutique\/uncategorized\/der-statt-mulhausen-historien\/"},"modified":"2025-03-20T14:23:40","modified_gmt":"2025-03-20T13:23:40","slug":"der-statt-mulhausen-historien","status":"publish","type":"product","link":"https:\/\/limage-et-le-livre.com\/en\/books\/der-statt-mulhausen-historien\/","title":{"rendered":"Der Statt M\u00fclhausen Historien"},"content":{"rendered":"<p>M\u00fclhausen, Ch. Bahy (S. P\u00e9try), 1896. Large in-8, 285 pages, 23 hors-texte plates. Purple half-chagrin, spine ribbed and decorated with a gilt palmette, title page. Complete with 23 hors-texte plates, including 12 compositions by Charles Spindler.     A very fine copy.<\/p>\n<div id=\"gtx-trans\" style=\"position: absolute; left: -67px; top: -10px;\">\n<div class=\"gtx-trans-icon\"><\/div>\n<\/div>\n","protected":false},"excerpt":{"rendered":"<p>M\u00fclhausen, Ch. Bahy (S. P\u00e9try), 1896. Large in-8, 285 pages, 23 hors-texte plates. Purple half-chagrin, spine ribbed and decorated with<\/p>\n","protected":false},"featured_media":12026,"template":"","meta":[],"product_brand":[],"product_cat":[5342],"product_tag":[5561,5560,8310],"class_list":{"0":"post-19648","1":"product","2":"type-product","3":"status-publish","4":"has-post-thumbnail","6":"product_cat-books","7":"product_tag-alsatique-en","8":"product_tag-history","9":"product_tag-mulhouse-en","10":"pa_annee-de-publication-1896-en","11":"pa_dimension-in-8-en","12":"pa_editeur-ch-bahy-s-petry-en","13":"pa_etat-de-conservation-very-good","14":"pa_illustrateur-spindler-charles-en","15":"pa_langue-german","16":"pa_lieu-de-publication-mulhausen-en","17":"pa_type-couverture-hard-cover","19":"first","20":"outofstock","21":"purchasable","22":"product-type-simple"},"_links":{"self":[{"href":"https:\/\/limage-et-le-livre.com\/en\/wp-json\/wp\/v2\/product\/19648","targetHints":{"allow":["GET"]}}],"collection":[{"href":"https:\/\/limage-et-le-livre.com\/en\/wp-json\/wp\/v2\/product"}],"about":[{"href":"https:\/\/limage-et-le-livre.com\/en\/wp-json\/wp\/v2\/types\/product"}],"version-history":[{"count":0,"href":"https:\/\/limage-et-le-livre.com\/en\/wp-json\/wp\/v2\/product\/19648\/revisions"}],"wp:featuredmedia":[{"embeddable":true,"href":"https:\/\/limage-et-le-livre.com\/en\/wp-json\/wp\/v2\/media\/12026"}],"wp:attachment":[{"href":"https:\/\/limage-et-le-livre.com\/en\/wp-json\/wp\/v2\/media?parent=19648"}],"wp:term":[{"taxonomy":"product_brand","embeddable":true,"href":"https:\/\/limage-et-le-livre.com\/en\/wp-json\/wp\/v2\/product_brand?post=19648"},{"taxonomy":"product_cat","embeddable":true,"href":"https:\/\/limage-et-le-livre.com\/en\/wp-json\/wp\/v2\/product_cat?post=19648"},{"taxonomy":"product_tag","embeddable":true,"href":"https:\/\/limage-et-le-livre.com\/en\/wp-json\/wp\/v2\/product_tag?post=19648"}],"curies":[{"name":"wp","href":"https:\/\/api.w.org\/{rel}","templated":true}]}}