{"id":19660,"date":"2025-03-19T14:57:09","date_gmt":"2025-03-19T13:57:09","guid":{"rendered":"https:\/\/limage-et-le-livre.com\/boutique\/uncategorized\/hagenauer-wohltatigkeits-und-kranken-anstalten-in-alter-zeit\/"},"modified":"2025-03-20T14:23:44","modified_gmt":"2025-03-20T13:23:44","slug":"hagenauer-wohltatigkeits-und-kranken-anstalten-in-alter-zeit","status":"publish","type":"product","link":"https:\/\/limage-et-le-livre.com\/en\/books\/hagenauer-wohltatigkeits-und-kranken-anstalten-in-alter-zeit\/","title":{"rendered":"Hagenauer Wohlt\u00e4tigkeits und Kranken Anstalten in..."},"content":{"rendered":"<p>Hagenau, Buchdruckerei des &#8220;Unterl\u00e4nder Kurier&#8221;, 1907; in-12, 112 pages. Bradel-style red half cloth, smooth spine with gilt author and title. Uncommon work.   A fine copy.<\/p>\n<div id=\"gtx-trans\" style=\"position: absolute; left: -67px; top: -10px;\">\n<div class=\"gtx-trans-icon\"><\/div>\n<\/div>\n","protected":false},"excerpt":{"rendered":"<p>Hagenauer Wohlt\u00e4tigkeits und Kranken Anstalten in alter Zeit. Kl\u00e9l\u00e9 (Joseph). 1907.  <\/p>\n","protected":false},"featured_media":12105,"template":"","meta":[],"product_brand":[],"product_cat":[5342],"product_tag":[5562,5561,5619,8319],"class_list":{"0":"post-19660","1":"product","2":"type-product","3":"status-publish","4":"has-post-thumbnail","6":"product_cat-books","7":"product_tag-alsace-en","8":"product_tag-alsatique-en","9":"product_tag-haguenau-en","10":"product_tag-medicine","11":"pa_annee-de-publication-1907-en","12":"pa_dimension-in-12-en","13":"pa_editeur-buchdruckerei-des-unterlander-kurier-en","14":"pa_etat-de-conservation-very-good","15":"pa_langue-german","16":"pa_lieu-de-publication-haguenau-en","17":"pa_type-couverture-hard-cover","19":"first","20":"instock","21":"purchasable","22":"product-type-simple"},"_links":{"self":[{"href":"https:\/\/limage-et-le-livre.com\/en\/wp-json\/wp\/v2\/product\/19660","targetHints":{"allow":["GET"]}}],"collection":[{"href":"https:\/\/limage-et-le-livre.com\/en\/wp-json\/wp\/v2\/product"}],"about":[{"href":"https:\/\/limage-et-le-livre.com\/en\/wp-json\/wp\/v2\/types\/product"}],"version-history":[{"count":0,"href":"https:\/\/limage-et-le-livre.com\/en\/wp-json\/wp\/v2\/product\/19660\/revisions"}],"wp:featuredmedia":[{"embeddable":true,"href":"https:\/\/limage-et-le-livre.com\/en\/wp-json\/wp\/v2\/media\/12105"}],"wp:attachment":[{"href":"https:\/\/limage-et-le-livre.com\/en\/wp-json\/wp\/v2\/media?parent=19660"}],"wp:term":[{"taxonomy":"product_brand","embeddable":true,"href":"https:\/\/limage-et-le-livre.com\/en\/wp-json\/wp\/v2\/product_brand?post=19660"},{"taxonomy":"product_cat","embeddable":true,"href":"https:\/\/limage-et-le-livre.com\/en\/wp-json\/wp\/v2\/product_cat?post=19660"},{"taxonomy":"product_tag","embeddable":true,"href":"https:\/\/limage-et-le-livre.com\/en\/wp-json\/wp\/v2\/product_tag?post=19660"}],"curies":[{"name":"wp","href":"https:\/\/api.w.org\/{rel}","templated":true}]}}