{"id":19664,"date":"2025-03-19T14:57:09","date_gmt":"2025-03-19T13:57:09","guid":{"rendered":"https:\/\/limage-et-le-livre.com\/boutique\/uncategorized\/charles-spindler-aus-dem-leben-und-schaffen-eines-elsassischen-kunstlers\/"},"modified":"2025-03-20T14:23:45","modified_gmt":"2025-03-20T13:23:45","slug":"charles-spindler-aus-dem-leben-und-schaffen-eines-elsassischen-kunstlers","status":"publish","type":"product","link":"https:\/\/limage-et-le-livre.com\/en\/books\/charles-spindler-aus-dem-leben-und-schaffen-eines-elsassischen-kunstlers\/","title":{"rendered":"Charles Spindler. Aus dem Leben und..."},"content":{"rendered":"<p>Strassburg, Selbstverlag der Elsass-Lothringischen Wissenschaftlichen Gesellschaft, 1934; in-8, 64 pages. Bradel-style red half cloth, smooth spine with gilt title. Complete with 11 hors-texte featuring watercolors, marquetry and drawings by Spindler.  <\/p>\n<div id=\"gtx-trans\" style=\"position: absolute; left: -67px; top: -10px;\">\n<div class=\"gtx-trans-icon\"><\/div>\n<\/div>\n","protected":false},"excerpt":{"rendered":"<p>Charles Spindler. Aus dem Leben und Schaffen eines els\u00e4ssischen K\u00fcnstlers. Andr\u00e8s (Aloyse). 1934.   <\/p>\n","protected":false},"featured_media":12089,"template":"","meta":[],"product_brand":[],"product_cat":[5342],"product_tag":[5562,5561],"class_list":{"0":"post-19664","1":"product","2":"type-product","3":"status-publish","4":"has-post-thumbnail","6":"product_cat-books","7":"product_tag-alsace-en","8":"product_tag-alsatique-en","9":"pa_annee-de-publication-1934-en","10":"pa_dimension-in-8-en","11":"pa_editeur-selbstverlag-der-elsass-lothringischen-wissenschaftlichen-gesellschaft-en","12":"pa_etat-de-conservation-very-good","13":"pa_illustrateur-spindler-charles-en","14":"pa_langue-german","15":"pa_lieu-de-publication-strassburg-en","16":"pa_type-couverture-hard-cover","18":"first","19":"outofstock","20":"purchasable","21":"product-type-simple"},"_links":{"self":[{"href":"https:\/\/limage-et-le-livre.com\/en\/wp-json\/wp\/v2\/product\/19664","targetHints":{"allow":["GET"]}}],"collection":[{"href":"https:\/\/limage-et-le-livre.com\/en\/wp-json\/wp\/v2\/product"}],"about":[{"href":"https:\/\/limage-et-le-livre.com\/en\/wp-json\/wp\/v2\/types\/product"}],"version-history":[{"count":0,"href":"https:\/\/limage-et-le-livre.com\/en\/wp-json\/wp\/v2\/product\/19664\/revisions"}],"wp:featuredmedia":[{"embeddable":true,"href":"https:\/\/limage-et-le-livre.com\/en\/wp-json\/wp\/v2\/media\/12089"}],"wp:attachment":[{"href":"https:\/\/limage-et-le-livre.com\/en\/wp-json\/wp\/v2\/media?parent=19664"}],"wp:term":[{"taxonomy":"product_brand","embeddable":true,"href":"https:\/\/limage-et-le-livre.com\/en\/wp-json\/wp\/v2\/product_brand?post=19664"},{"taxonomy":"product_cat","embeddable":true,"href":"https:\/\/limage-et-le-livre.com\/en\/wp-json\/wp\/v2\/product_cat?post=19664"},{"taxonomy":"product_tag","embeddable":true,"href":"https:\/\/limage-et-le-livre.com\/en\/wp-json\/wp\/v2\/product_tag?post=19664"}],"curies":[{"name":"wp","href":"https:\/\/api.w.org\/{rel}","templated":true}]}}