{"id":19671,"date":"2025-03-19T14:57:11","date_gmt":"2025-03-19T13:57:11","guid":{"rendered":"https:\/\/limage-et-le-livre.com\/boutique\/uncategorized\/geological-proposals-to-serve-as-an-introduction-to-a-work-on-the-elements-of-chorography-with-an-outline-of-their-plan-and-their-application-to-the-geognostic-oeconomical-and-medical-description\/"},"modified":"2025-03-20T14:23:51","modified_gmt":"2025-03-20T13:23:51","slug":"geological-proposals-to-serve-as-an-introduction-to-a-work-on-the-elements-of-chorography-with-an-outline-of-their-plan-and-their-application-to-the-geognostic-oeconomical-and-medical-description","status":"publish","type":"product","link":"https:\/\/limage-et-le-livre.com\/en\/books\/geological-proposals-to-serve-as-an-introduction-to-a-work-on-the-elements-of-chorography-with-an-outline-of-their-plan-and-their-application-to-the-geognostic-oeconomical-and-medical-description\/","title":{"rendered":"Geological proposals, to serve as an..."},"content":{"rendered":"<p>Strasbourg, Imprimerie de Levrault, 1806; in-4 of VIII, 195 pages. Hardback, smooth cloth-covered spine, title page. Scattered foxing, stamp on title page, upper spine split, lower spine half split. Complete with five plates. Rare first edition of Henri-Gottfried Oberlin&#8217;s thesis, published before his work published the same year in a smaller format. A fine copy, despite the minor defects noted.     <\/p>\n<div id=\"gtx-trans\" style=\"position: absolute; left: -67px; top: -10px;\">\n<div class=\"gtx-trans-icon\"><\/div>\n<\/div>\n","protected":false},"excerpt":{"rendered":"<p>Propositions g\u00e9ologiques (&#8230;) a la description g\u00e9ognostique, oeconomique et m\u00e9dicale du Ban de la Roche. Oberlin (Henri-Gottfried). 1806.  <\/p>\n","protected":false},"featured_media":12107,"template":"","meta":[],"product_brand":[],"product_cat":[5342],"product_tag":[5562,5561],"class_list":{"0":"post-19671","1":"product","2":"type-product","3":"status-publish","4":"has-post-thumbnail","6":"product_cat-books","7":"product_tag-alsace-en","8":"product_tag-alsatique-en","9":"pa_annee-de-publication-1806-en","10":"pa_dimension-in-4-en","11":"pa_editeur-imprimerie-de-levrault-en","12":"pa_etat-de-conservation-good","13":"pa_langue-french","14":"pa_lieu-de-publication-strasbourg-en","15":"pa_type-couverture-hard-cover","17":"first","18":"outofstock","19":"purchasable","20":"product-type-simple"},"_links":{"self":[{"href":"https:\/\/limage-et-le-livre.com\/en\/wp-json\/wp\/v2\/product\/19671","targetHints":{"allow":["GET"]}}],"collection":[{"href":"https:\/\/limage-et-le-livre.com\/en\/wp-json\/wp\/v2\/product"}],"about":[{"href":"https:\/\/limage-et-le-livre.com\/en\/wp-json\/wp\/v2\/types\/product"}],"version-history":[{"count":0,"href":"https:\/\/limage-et-le-livre.com\/en\/wp-json\/wp\/v2\/product\/19671\/revisions"}],"wp:featuredmedia":[{"embeddable":true,"href":"https:\/\/limage-et-le-livre.com\/en\/wp-json\/wp\/v2\/media\/12107"}],"wp:attachment":[{"href":"https:\/\/limage-et-le-livre.com\/en\/wp-json\/wp\/v2\/media?parent=19671"}],"wp:term":[{"taxonomy":"product_brand","embeddable":true,"href":"https:\/\/limage-et-le-livre.com\/en\/wp-json\/wp\/v2\/product_brand?post=19671"},{"taxonomy":"product_cat","embeddable":true,"href":"https:\/\/limage-et-le-livre.com\/en\/wp-json\/wp\/v2\/product_cat?post=19671"},{"taxonomy":"product_tag","embeddable":true,"href":"https:\/\/limage-et-le-livre.com\/en\/wp-json\/wp\/v2\/product_tag?post=19671"}],"curies":[{"name":"wp","href":"https:\/\/api.w.org\/{rel}","templated":true}]}}