{"id":19689,"date":"2025-03-19T14:57:19","date_gmt":"2025-03-19T13:57:19","guid":{"rendered":"https:\/\/limage-et-le-livre.com\/boutique\/uncategorized\/plan-des-ouvrages-projettes-pour-la-ville-et-le-port-de-cherbourg-projected-works-plan-for-the-city-and-port-of-cherbourg\/"},"modified":"2025-03-20T14:23:59","modified_gmt":"2025-03-20T13:23:59","slug":"plan-des-ouvrages-projettes-pour-la-ville-et-le-port-de-cherbourg-projected-works-plan-for-the-city-and-port-of-cherbourg","status":"publish","type":"product","link":"https:\/\/limage-et-le-livre.com\/en\/books\/geography-and-travel\/france-en\/normandy\/plan-des-ouvrages-projettes-pour-la-ville-et-le-port-de-cherbourg-projected-works-plan-for-the-city-and-port-of-cherbourg\/","title":{"rendered":"Plan Des Ouvrages Projett\u00e9s pour la..."},"content":{"rendered":"<p>Plan Des Ouvrages Projett\u00e9s pour la Ville et le Port de Cherbourg. 18th century. Copper engraving by Fran\u00e7ois Baillieul l&#8217;A\u00een\u00e9. Hand-colored. Sheet size: 280 x 490 mm.<\/p>\n<div id=\"gtx-trans\" style=\"position: absolute; left: -67px; top: -10px;\">\n<div class=\"gtx-trans-icon\"><\/div>\n<\/div>\n","protected":false},"excerpt":{"rendered":"<p>Plan Des Ouvrages Projett\u00e9s pour la Ville et le Port de Cherbourg. 18th century.<\/p>\n","protected":false},"featured_media":12146,"template":"","meta":[],"product_brand":[],"product_cat":[5388,5349,5360,5387,5386],"product_tag":[8322,8304,8365],"class_list":{"0":"post-19689","1":"product","2":"type-product","3":"status-publish","4":"has-post-thumbnail","6":"product_cat-cartography-and-travel","7":"product_cat-france-en","8":"product_cat-normandy","9":"product_cat-prints","10":"product_cat-prints-and-engravings","11":"product_tag-cherbourg-en","12":"product_tag-normandy","13":"product_tag-plan-en","14":"pa_etat-de-conservation-very-good","15":"pa_illustrateur-baillieul-francois-the-elder","16":"pa_langue-french","17":"pa_type-couverture-no-cover","19":"first","20":"instock","21":"purchasable","22":"product-type-simple"},"_links":{"self":[{"href":"https:\/\/limage-et-le-livre.com\/en\/wp-json\/wp\/v2\/product\/19689","targetHints":{"allow":["GET"]}}],"collection":[{"href":"https:\/\/limage-et-le-livre.com\/en\/wp-json\/wp\/v2\/product"}],"about":[{"href":"https:\/\/limage-et-le-livre.com\/en\/wp-json\/wp\/v2\/types\/product"}],"version-history":[{"count":0,"href":"https:\/\/limage-et-le-livre.com\/en\/wp-json\/wp\/v2\/product\/19689\/revisions"}],"wp:featuredmedia":[{"embeddable":true,"href":"https:\/\/limage-et-le-livre.com\/en\/wp-json\/wp\/v2\/media\/12146"}],"wp:attachment":[{"href":"https:\/\/limage-et-le-livre.com\/en\/wp-json\/wp\/v2\/media?parent=19689"}],"wp:term":[{"taxonomy":"product_brand","embeddable":true,"href":"https:\/\/limage-et-le-livre.com\/en\/wp-json\/wp\/v2\/product_brand?post=19689"},{"taxonomy":"product_cat","embeddable":true,"href":"https:\/\/limage-et-le-livre.com\/en\/wp-json\/wp\/v2\/product_cat?post=19689"},{"taxonomy":"product_tag","embeddable":true,"href":"https:\/\/limage-et-le-livre.com\/en\/wp-json\/wp\/v2\/product_tag?post=19689"}],"curies":[{"name":"wp","href":"https:\/\/api.w.org\/{rel}","templated":true}]}}