{"id":19726,"date":"2025-03-19T14:57:31","date_gmt":"2025-03-19T13:57:31","guid":{"rendered":"https:\/\/limage-et-le-livre.com\/boutique\/uncategorized\/nice\/"},"modified":"2025-03-20T14:24:15","modified_gmt":"2025-03-20T13:24:15","slug":"nice","status":"publish","type":"product","link":"https:\/\/limage-et-le-livre.com\/en\/prints-and-engravings\/prints\/cartography-and-travel\/france-en-2\/provence-and-cote-dazur\/alpes-maritimes-en\/nice\/","title":{"rendered":"Nice"},"content":{"rendered":"<p>Nice, France. Original etching by the Rouargue brothers, proof on wove paper, printed by Ch. Chardon a\u00een\u00e9 in Paris, sheet size: 267 x 383 mm. Plate size: 230 x 279 mm,Nice. Rouargue (Fr\u00e8res),XIXe si\u00e8cle,Provence,C\u00f4te d&#8217;Azur,Nice,vue de ville,Rouargue (Fr\u00e8res),Rouargue (Fr\u00e8res),270.jpg,Nice. Original etching by the Rouargue brothers,Proof on wove paper  19th century. Proof on wove paper, printed by Ch. Chardon a\u00een\u00e9 in Paris.  Hand-colored. Sheet size: 267 x 383 mm. Board size: 230 x 279 mm. <\/p>\n<div id=\"gtx-trans\" style=\"position: absolute; left: -67px; top: -10px;\">\n<div class=\"gtx-trans-icon\"><\/div>\n<\/div>\n","protected":false},"excerpt":{"rendered":"<p>Nice. Rouargue (Fr\u00e8res).  Etching. Nineteenth century.<\/p>\n","protected":false},"featured_media":12191,"template":"","meta":[],"product_brand":[],"product_cat":[5471,5388,5349,5387,5386,5470],"product_tag":[],"class_list":{"0":"post-19726","1":"product","2":"type-product","3":"status-publish","4":"has-post-thumbnail","6":"product_cat-alpes-maritimes-en","7":"product_cat-cartography-and-travel","8":"product_cat-france-en","9":"product_cat-prints","10":"product_cat-prints-and-engravings","11":"product_cat-provence-and-cote-dazur","12":"pa_etat-de-conservation-very-good","13":"pa_illustrateur-rouargue-freres-en","14":"pa_langue-french","15":"pa_type-couverture-no-cover","17":"first","18":"instock","19":"purchasable","20":"product-type-simple"},"_links":{"self":[{"href":"https:\/\/limage-et-le-livre.com\/en\/wp-json\/wp\/v2\/product\/19726","targetHints":{"allow":["GET"]}}],"collection":[{"href":"https:\/\/limage-et-le-livre.com\/en\/wp-json\/wp\/v2\/product"}],"about":[{"href":"https:\/\/limage-et-le-livre.com\/en\/wp-json\/wp\/v2\/types\/product"}],"version-history":[{"count":0,"href":"https:\/\/limage-et-le-livre.com\/en\/wp-json\/wp\/v2\/product\/19726\/revisions"}],"wp:featuredmedia":[{"embeddable":true,"href":"https:\/\/limage-et-le-livre.com\/en\/wp-json\/wp\/v2\/media\/12191"}],"wp:attachment":[{"href":"https:\/\/limage-et-le-livre.com\/en\/wp-json\/wp\/v2\/media?parent=19726"}],"wp:term":[{"taxonomy":"product_brand","embeddable":true,"href":"https:\/\/limage-et-le-livre.com\/en\/wp-json\/wp\/v2\/product_brand?post=19726"},{"taxonomy":"product_cat","embeddable":true,"href":"https:\/\/limage-et-le-livre.com\/en\/wp-json\/wp\/v2\/product_cat?post=19726"},{"taxonomy":"product_tag","embeddable":true,"href":"https:\/\/limage-et-le-livre.com\/en\/wp-json\/wp\/v2\/product_tag?post=19726"}],"curies":[{"name":"wp","href":"https:\/\/api.w.org\/{rel}","templated":true}]}}