{"id":19727,"date":"2025-03-19T14:57:30","date_gmt":"2025-03-19T13:57:30","guid":{"rendered":"https:\/\/limage-et-le-livre.com\/boutique\/uncategorized\/deer-hallali\/"},"modified":"2025-03-20T14:24:15","modified_gmt":"2025-03-20T13:24:15","slug":"deer-hallali","status":"publish","type":"product","link":"https:\/\/limage-et-le-livre.com\/en\/books\/art-of-living\/hunting\/deer-hallali\/","title":{"rendered":"Deer Hallali"},"content":{"rendered":"<p>Hallali de chevre. Etching by Louis-Fr\u00e9d\u00e9ric Sch\u00fctzenberger (Strasbourg, 1825 &#8211; Strasbourg, 1903).  Etching. Nineteenth century. Printed on Chine on laid paper. Printed by Chardon a\u00een\u00e9 in Paris. Sheet size: 360 x 275 mm. Plate size: 298 x 200 mm. A fine impression by this Alsatian painter, who studied with Gu\u00e9rin in Strasbourg and with Delaroche and Gleyre in Paris.    <\/p>\n<div id=\"gtx-trans\" style=\"position: absolute; left: -67px; top: -10px;\">\n<div class=\"gtx-trans-icon\"><\/div>\n<\/div>\n","protected":false},"excerpt":{"rendered":"<p>Hallali de roe deer. Sch\u00fctzenberger (Louis-Fr\u00e9d\u00e9ric).  Etching. Nineteenth century.<\/p>\n","protected":false},"featured_media":12189,"template":"","meta":[],"product_brand":[],"product_cat":[5370,5387,5386],"product_tag":[],"class_list":{"0":"post-19727","1":"product","2":"type-product","3":"status-publish","4":"has-post-thumbnail","6":"product_cat-hunting","7":"product_cat-prints","8":"product_cat-prints-and-engravings","9":"pa_etat-de-conservation-very-good","10":"pa_langue-french","11":"pa_type-couverture-no-cover","13":"first","14":"outofstock","15":"purchasable","16":"product-type-simple"},"_links":{"self":[{"href":"https:\/\/limage-et-le-livre.com\/en\/wp-json\/wp\/v2\/product\/19727","targetHints":{"allow":["GET"]}}],"collection":[{"href":"https:\/\/limage-et-le-livre.com\/en\/wp-json\/wp\/v2\/product"}],"about":[{"href":"https:\/\/limage-et-le-livre.com\/en\/wp-json\/wp\/v2\/types\/product"}],"version-history":[{"count":0,"href":"https:\/\/limage-et-le-livre.com\/en\/wp-json\/wp\/v2\/product\/19727\/revisions"}],"wp:featuredmedia":[{"embeddable":true,"href":"https:\/\/limage-et-le-livre.com\/en\/wp-json\/wp\/v2\/media\/12189"}],"wp:attachment":[{"href":"https:\/\/limage-et-le-livre.com\/en\/wp-json\/wp\/v2\/media?parent=19727"}],"wp:term":[{"taxonomy":"product_brand","embeddable":true,"href":"https:\/\/limage-et-le-livre.com\/en\/wp-json\/wp\/v2\/product_brand?post=19727"},{"taxonomy":"product_cat","embeddable":true,"href":"https:\/\/limage-et-le-livre.com\/en\/wp-json\/wp\/v2\/product_cat?post=19727"},{"taxonomy":"product_tag","embeddable":true,"href":"https:\/\/limage-et-le-livre.com\/en\/wp-json\/wp\/v2\/product_tag?post=19727"}],"curies":[{"name":"wp","href":"https:\/\/api.w.org\/{rel}","templated":true}]}}