{"id":19746,"date":"2025-03-19T14:57:38","date_gmt":"2025-03-19T13:57:38","guid":{"rendered":"https:\/\/limage-et-le-livre.com\/boutique\/uncategorized\/the-vine-in-malzeville-historical-essay\/"},"modified":"2025-03-20T14:24:25","modified_gmt":"2025-03-20T13:24:25","slug":"the-vine-in-malzeville-historical-essay","status":"publish","type":"product","link":"https:\/\/limage-et-le-livre.com\/en\/books\/geography-and-travel\/france-en\/lorraine-en\/the-vine-in-malzeville-historical-essay\/","title":{"rendered":"The vine in Malz\u00e9ville. A historical..."},"content":{"rendered":"<p>Malz\u00e9ville-Nancy, Imprimerie Edg. Thomas, 1908; in-8 paperback, 25 pages, printed cover. Restored tear and fold on lower cover. Envoi de l&#8217;auteur \u00e0 l&#8217;artiste Malz\u00e9villois Etienne Cournault. History of the vine in Malz\u00e9ville. Causes of degeneration. Grape varieties and cultivation methods.      <\/p>\n<div id=\"gtx-trans\" style=\"position: absolute; left: -67px; top: -10px;\">\n<div class=\"gtx-trans-icon\"><\/div>\n<\/div>\n","protected":false},"excerpt":{"rendered":"<p>The vine in Malz\u00e9ville. A historical essay.  Riston (Jacques). 1908. <\/p>\n","protected":false},"featured_media":12227,"template":"","meta":[],"product_brand":[],"product_cat":[5342,5349,5348,5376],"product_tag":[],"class_list":{"0":"post-19746","1":"product","2":"type-product","3":"status-publish","4":"has-post-thumbnail","6":"product_cat-books","7":"product_cat-france-en","8":"product_cat-geography-and-travel","9":"product_cat-lorraine-en","10":"pa_annee-de-publication-1908-en","11":"pa_dimension-in-8-en","12":"pa_editeur-printed-by-edg-thomas","13":"pa_etat-de-conservation-good","14":"pa_langue-french","15":"pa_lieu-de-publication-malzeville-nancy-en","16":"pa_signature-signed-by-the-author","17":"pa_type-couverture-soft-cover","19":"first","20":"outofstock","21":"purchasable","22":"product-type-simple"},"_links":{"self":[{"href":"https:\/\/limage-et-le-livre.com\/en\/wp-json\/wp\/v2\/product\/19746","targetHints":{"allow":["GET"]}}],"collection":[{"href":"https:\/\/limage-et-le-livre.com\/en\/wp-json\/wp\/v2\/product"}],"about":[{"href":"https:\/\/limage-et-le-livre.com\/en\/wp-json\/wp\/v2\/types\/product"}],"version-history":[{"count":0,"href":"https:\/\/limage-et-le-livre.com\/en\/wp-json\/wp\/v2\/product\/19746\/revisions"}],"wp:featuredmedia":[{"embeddable":true,"href":"https:\/\/limage-et-le-livre.com\/en\/wp-json\/wp\/v2\/media\/12227"}],"wp:attachment":[{"href":"https:\/\/limage-et-le-livre.com\/en\/wp-json\/wp\/v2\/media?parent=19746"}],"wp:term":[{"taxonomy":"product_brand","embeddable":true,"href":"https:\/\/limage-et-le-livre.com\/en\/wp-json\/wp\/v2\/product_brand?post=19746"},{"taxonomy":"product_cat","embeddable":true,"href":"https:\/\/limage-et-le-livre.com\/en\/wp-json\/wp\/v2\/product_cat?post=19746"},{"taxonomy":"product_tag","embeddable":true,"href":"https:\/\/limage-et-le-livre.com\/en\/wp-json\/wp\/v2\/product_tag?post=19746"}],"curies":[{"name":"wp","href":"https:\/\/api.w.org\/{rel}","templated":true}]}}