{"id":19747,"date":"2025-03-19T14:57:38","date_gmt":"2025-03-19T13:57:38","guid":{"rendered":"https:\/\/limage-et-le-livre.com\/boutique\/uncategorized\/unpublished-sources-of-saharan-automobilism\/"},"modified":"2025-03-20T14:24:22","modified_gmt":"2025-03-20T13:24:22","slug":"unpublished-sources-of-saharan-automobilism","status":"publish","type":"product","link":"https:\/\/limage-et-le-livre.com\/en\/books\/geography-and-travel\/africa\/unpublished-sources-of-saharan-automobilism\/","title":{"rendered":"Unpublished Sources of Saharan Automobilism"},"content":{"rendered":"<p>Paris, Imprimerie de Busson, 1928; large in-8, 125 pages. Half calf with smooth spine, gilt fillets, title and author. Numbered copy specially printed for Captain Grand and dedicated by the author: &#8220;To Captain Grand, whose friend I have remained ever since our first meeting in Dole, to whom I owe many ideas and passages of this modest work: my deepest friendship this August 4, 1928&#8221;. Complete with the facsimile letter from General Laperrine to Lieutenant Framezelle. The original covers are preserved.     A fine copy.<\/p>\n<div id=\"gtx-trans\" style=\"position: absolute; left: -67px; top: -10px;\">\n<div class=\"gtx-trans-icon\"><\/div>\n<\/div>\n","protected":false},"excerpt":{"rendered":"<p>Les Sources in\u00e9dites de l&#8217;Automobilisme Saharien. Mol\u00e9 (Andr\u00e9, Captain). 1928.  <\/p>\n","protected":false},"featured_media":12215,"template":"","meta":[],"product_brand":[],"product_cat":[5419,5342,5348],"product_tag":[5633],"class_list":{"0":"post-19747","1":"product","2":"type-product","3":"status-publish","4":"has-post-thumbnail","6":"product_cat-africa","7":"product_cat-books","8":"product_cat-geography-and-travel","9":"product_tag-automotive","10":"pa_annee-de-publication-1928-en","11":"pa_dimension-in-8-en","12":"pa_editeur-imp-de-busson-en","13":"pa_etat-de-conservation-good","14":"pa_langue-french","15":"pa_lieu-de-publication-paris-en","16":"pa_signature-signed-by-the-author","17":"pa_type-couverture-hard-cover","19":"first","20":"instock","21":"purchasable","22":"product-type-simple"},"_links":{"self":[{"href":"https:\/\/limage-et-le-livre.com\/en\/wp-json\/wp\/v2\/product\/19747","targetHints":{"allow":["GET"]}}],"collection":[{"href":"https:\/\/limage-et-le-livre.com\/en\/wp-json\/wp\/v2\/product"}],"about":[{"href":"https:\/\/limage-et-le-livre.com\/en\/wp-json\/wp\/v2\/types\/product"}],"version-history":[{"count":0,"href":"https:\/\/limage-et-le-livre.com\/en\/wp-json\/wp\/v2\/product\/19747\/revisions"}],"wp:featuredmedia":[{"embeddable":true,"href":"https:\/\/limage-et-le-livre.com\/en\/wp-json\/wp\/v2\/media\/12215"}],"wp:attachment":[{"href":"https:\/\/limage-et-le-livre.com\/en\/wp-json\/wp\/v2\/media?parent=19747"}],"wp:term":[{"taxonomy":"product_brand","embeddable":true,"href":"https:\/\/limage-et-le-livre.com\/en\/wp-json\/wp\/v2\/product_brand?post=19747"},{"taxonomy":"product_cat","embeddable":true,"href":"https:\/\/limage-et-le-livre.com\/en\/wp-json\/wp\/v2\/product_cat?post=19747"},{"taxonomy":"product_tag","embeddable":true,"href":"https:\/\/limage-et-le-livre.com\/en\/wp-json\/wp\/v2\/product_tag?post=19747"}],"curies":[{"name":"wp","href":"https:\/\/api.w.org\/{rel}","templated":true}]}}