{"id":19751,"date":"2025-03-19T14:57:38","date_gmt":"2025-03-19T13:57:38","guid":{"rendered":"https:\/\/limage-et-le-livre.com\/boutique\/uncategorized\/coquelin-as-tabourin\/"},"modified":"2025-03-20T14:24:23","modified_gmt":"2025-03-20T13:24:23","slug":"coquelin-as-tabourin","status":"publish","type":"product","link":"https:\/\/limage-et-le-livre.com\/en\/prints-and-engravings\/prints\/theater-circus-show\/coquelin-as-tabourin\/","title":{"rendered":"Coquelin as Tabourin"},"content":{"rendered":"<p>Coquelin as Tabarin. Fr\u00e9d\u00e9ric R\u00e9gamey (Paris, 1849 &#8211; 1925). Original etching.   Printed on Japon, before the letter. Sheet size: 352 x 264 mm. Board size: 175 x 128 mm. Slight old folds at top.   <\/p>\n<div id=\"gtx-trans\" style=\"position: absolute; left: -67px; top: -10px;\">\n<div class=\"gtx-trans-icon\"><\/div>\n<\/div>\n","protected":false},"excerpt":{"rendered":"<p>Coquelin as Tabarin. Fr\u00e9d\u00e9ric R\u00e9gamey (Paris, 1849 &#8211; 1925). Original etching.  <\/p>\n","protected":false},"featured_media":12212,"template":"","meta":[],"product_brand":[],"product_cat":[5387,5386,5478],"product_tag":[8312],"class_list":{"0":"post-19751","1":"product","2":"type-product","3":"status-publish","4":"has-post-thumbnail","6":"product_cat-prints","7":"product_cat-prints-and-engravings","8":"product_cat-theater-circus-show","9":"product_tag-theater","10":"pa_etat-de-conservation-good","11":"pa_type-couverture-no-cover","13":"first","14":"instock","15":"purchasable","16":"product-type-simple"},"_links":{"self":[{"href":"https:\/\/limage-et-le-livre.com\/en\/wp-json\/wp\/v2\/product\/19751","targetHints":{"allow":["GET"]}}],"collection":[{"href":"https:\/\/limage-et-le-livre.com\/en\/wp-json\/wp\/v2\/product"}],"about":[{"href":"https:\/\/limage-et-le-livre.com\/en\/wp-json\/wp\/v2\/types\/product"}],"version-history":[{"count":0,"href":"https:\/\/limage-et-le-livre.com\/en\/wp-json\/wp\/v2\/product\/19751\/revisions"}],"wp:featuredmedia":[{"embeddable":true,"href":"https:\/\/limage-et-le-livre.com\/en\/wp-json\/wp\/v2\/media\/12212"}],"wp:attachment":[{"href":"https:\/\/limage-et-le-livre.com\/en\/wp-json\/wp\/v2\/media?parent=19751"}],"wp:term":[{"taxonomy":"product_brand","embeddable":true,"href":"https:\/\/limage-et-le-livre.com\/en\/wp-json\/wp\/v2\/product_brand?post=19751"},{"taxonomy":"product_cat","embeddable":true,"href":"https:\/\/limage-et-le-livre.com\/en\/wp-json\/wp\/v2\/product_cat?post=19751"},{"taxonomy":"product_tag","embeddable":true,"href":"https:\/\/limage-et-le-livre.com\/en\/wp-json\/wp\/v2\/product_tag?post=19751"}],"curies":[{"name":"wp","href":"https:\/\/api.w.org\/{rel}","templated":true}]}}