{"id":19809,"date":"2025-03-19T14:55:48","date_gmt":"2025-03-19T13:55:48","guid":{"rendered":"https:\/\/limage-et-le-livre.com\/shop\/uncategorized\/plumber\/"},"modified":"2025-03-20T14:25:28","modified_gmt":"2025-03-20T13:25:28","slug":"plumber","status":"publish","type":"product","link":"https:\/\/limage-et-le-livre.com\/en\/books\/science-and-technology\/plumber\/","title":{"rendered":"Plumber"},"content":{"rendered":"<p>Complete file on the bookbinder&#8217;s trade from one of the eleven volumes of illustrations printed between 1762 and 1782 of Diderot and d&#8217;Alembert&#8217;s &#8220;L&#8217;Encyclop\u00e9die ou Dictionnaire raisonn\u00e9 des sciences, des arts &amp; des m\u00e9tiers, par une Soci\u00e9t\u00e9 de Gens de lettres&#8221;. In folio, consisting of a page of explanations of the plates, followed by 7 plates engraved by Benard after drawings by Lucotte. The vignettes show the store where the artisans cast lead (plates I and II) and in the hangar (plate III). The other plates detail the various instruments used and the work carried out. pl. I: &#8220;Plomberie, l&#8217;Op\u00e9ration de couler le Plomb en Tables et Ustensiles du Plombier&#8221; pl. II: &#8220;Plomberie, l&#8217;Op\u00e9ration de couler le Plomb en Tuyaux, Plan, Coupe et El\u00e9vation du grand Fourneau.&#8221; pl. III: &#8220;Plomberie, Le Travail du Plomb en Tables pour l&#8217;arondir en Tuyaux, grande Table ou moule \u00e0 couler le Plomb et autres Ustenciles du Plombier.&#8221; pl. IV: &#8220;Plomberie. Moule \u00e0 faire les Tuyaux avec les d\u00e9veloppemens, Table sur laquelle on fait les Tuyaux moul\u00e9s.&#8221; pl. V: &#8220;Plumbing, Table \u00e0 couler le Plomb dit Plomb coul\u00e9 sur toile, Ouvrages de Plomberie et Outils.&#8221; pl. VI: &#8220;Plumbing, Polastres de taule, Outils, Sellette, Corde knou\u00e9e, Jambilte ou assemblage de differentes couroyes.&#8221; pl. VII: &#8220;Plumbing. Plumber&#8217;s Tools and Miscellaneous Plumbing Works.&#8221;            <\/p>\n<div id=\"gtx-trans\" style=\"position: absolute; left: -67px; top: -10px;\">\n<div class=\"gtx-trans-icon\"><\/div>\n<\/div>\n","protected":false},"excerpt":{"rendered":"<p>Complete file on the bookbinder&#8217;s trade from one of the eleven volumes of illustrations printed between 1762 and 1782 of<\/p>\n","protected":false},"featured_media":11528,"template":"","meta":[],"product_brand":[],"product_cat":[5342,5343],"product_tag":[5612],"class_list":{"0":"post-19809","1":"product","2":"type-product","3":"status-publish","4":"has-post-thumbnail","6":"product_cat-books","7":"product_cat-science-and-technology","8":"product_tag-encyclopedia","9":"pa_annee-de-publication-0-en","10":"pa_dimension-in-folio-en","11":"pa_editeur-briasson-david-le-breton-durand-en","12":"pa_etat-de-conservation-good","13":"pa_langue-french","14":"pa_lieu-de-publication-paris-en","15":"pa_nombre-de-page-8-en","16":"pa_type-couverture-no-cover","18":"first","19":"instock","20":"purchasable","21":"product-type-simple"},"_links":{"self":[{"href":"https:\/\/limage-et-le-livre.com\/en\/wp-json\/wp\/v2\/product\/19809","targetHints":{"allow":["GET"]}}],"collection":[{"href":"https:\/\/limage-et-le-livre.com\/en\/wp-json\/wp\/v2\/product"}],"about":[{"href":"https:\/\/limage-et-le-livre.com\/en\/wp-json\/wp\/v2\/types\/product"}],"version-history":[{"count":0,"href":"https:\/\/limage-et-le-livre.com\/en\/wp-json\/wp\/v2\/product\/19809\/revisions"}],"wp:featuredmedia":[{"embeddable":true,"href":"https:\/\/limage-et-le-livre.com\/en\/wp-json\/wp\/v2\/media\/11528"}],"wp:attachment":[{"href":"https:\/\/limage-et-le-livre.com\/en\/wp-json\/wp\/v2\/media?parent=19809"}],"wp:term":[{"taxonomy":"product_brand","embeddable":true,"href":"https:\/\/limage-et-le-livre.com\/en\/wp-json\/wp\/v2\/product_brand?post=19809"},{"taxonomy":"product_cat","embeddable":true,"href":"https:\/\/limage-et-le-livre.com\/en\/wp-json\/wp\/v2\/product_cat?post=19809"},{"taxonomy":"product_tag","embeddable":true,"href":"https:\/\/limage-et-le-livre.com\/en\/wp-json\/wp\/v2\/product_tag?post=19809"}],"curies":[{"name":"wp","href":"https:\/\/api.w.org\/{rel}","templated":true}]}}