{"id":19811,"date":"2025-03-19T14:55:48","date_gmt":"2025-03-19T13:55:48","guid":{"rendered":"https:\/\/limage-et-le-livre.com\/shop\/uncategorized\/earth-potter\/"},"modified":"2025-03-20T14:25:29","modified_gmt":"2025-03-20T13:25:29","slug":"earth-potter","status":"publish","type":"product","link":"https:\/\/limage-et-le-livre.com\/en\/books\/science-and-technology\/earth-potter\/","title":{"rendered":"Earth Potter"},"content":{"rendered":"<p>Complete file on the bookbinder&#8217;s trade, taken from one of the eleven volumes of illustrations printed between 1762 and 1782 of Diderot and d&#8217;Alembert&#8217;s &#8220;Encyclop\u00e9die ou Dictionnaire raisonn\u00e9 des sciences, des arts &amp; des m\u00e9tiers, par une Soci\u00e9t\u00e9 de Gens de lettres&#8221;. In folio with 2 pages of explanations of the plates, followed by 18 plates engraved by Benard after drawings by Lucotte. The first plate is illustrated with a vignette showing potters in their workshop. The other plates detail the various instruments, wheel types and kilns used. pl. I: &#8220;Potier de Terre, R\u00e9chaux&#8221; pl. II: &#8220;Potier de Terre, R\u00e9chaux&#8221; pl. III: &#8220;Potier de Terre, Cuvettes et Vases Chimiques.&#8221;pl. IV: &#8220;Potier de Terre, Po\u00ebles et Fourneaux Chimiques.&#8221; pl. V: &#8220;Potier de Terre, Roue compos\u00e9e.&#8221; pl. VI: &#8220;Potier de Terre, Roue compos\u00e9e.&#8221; pl. VII: &#8220;Potier de Terre, Roue compos\u00e9e.&#8221; pl. VIII: &#8220;Potier de Terre, Details of the compound wheel.&#8221; pl. IX: &#8220;Potier de Terre, Simple wheel.&#8221; pl. X: &#8220;Potier de Terre, Simple wheel.&#8221; pl. XI: &#8220;Potier de Terre, Simple wheel.&#8221; pl. XII: &#8220;Potier de Terre, Details of the simple wheel.&#8221; pl. XIII: &#8220;Potier de Terre, Tour.&#8221; pl. XIV: &#8220;Potier de Terre, Tour.&#8221; pl. XV: &#8220;Potier de Terre, Tour.&#8221; pl. XVI: &#8220;Potier de Terre, Tour details.&#8221; pl. XVII (fold-out): &#8220;Potier de Terre, Four.&#8221; pl. XVIII: &#8220;Potier de Terre, Outils et Pipes.&#8221;                     <\/p>\n<div id=\"gtx-trans\" style=\"position: absolute; left: -67px; top: -10px;\">\n<div class=\"gtx-trans-icon\"><\/div>\n<\/div>\n","protected":false},"excerpt":{"rendered":"<p>Complete file on the bookbinder&#8217;s trade, taken from one of the eleven volumes of illustrations printed between 1762 and 1782<\/p>\n","protected":false},"featured_media":11525,"template":"","meta":[],"product_brand":[],"product_cat":[5342,5343],"product_tag":[5612],"class_list":{"0":"post-19811","1":"product","2":"type-product","3":"status-publish","4":"has-post-thumbnail","6":"product_cat-books","7":"product_cat-science-and-technology","8":"product_tag-encyclopedia","9":"pa_annee-de-publication-0-en","10":"pa_dimension-in-folio-en","11":"pa_editeur-briasson-david-le-breton-durand-en","12":"pa_etat-de-conservation-good","13":"pa_langue-french","14":"pa_lieu-de-publication-paris-en","15":"pa_nombre-de-page-2-en","16":"pa_type-couverture-no-cover","18":"first","19":"instock","20":"purchasable","21":"product-type-simple"},"_links":{"self":[{"href":"https:\/\/limage-et-le-livre.com\/en\/wp-json\/wp\/v2\/product\/19811","targetHints":{"allow":["GET"]}}],"collection":[{"href":"https:\/\/limage-et-le-livre.com\/en\/wp-json\/wp\/v2\/product"}],"about":[{"href":"https:\/\/limage-et-le-livre.com\/en\/wp-json\/wp\/v2\/types\/product"}],"version-history":[{"count":0,"href":"https:\/\/limage-et-le-livre.com\/en\/wp-json\/wp\/v2\/product\/19811\/revisions"}],"wp:featuredmedia":[{"embeddable":true,"href":"https:\/\/limage-et-le-livre.com\/en\/wp-json\/wp\/v2\/media\/11525"}],"wp:attachment":[{"href":"https:\/\/limage-et-le-livre.com\/en\/wp-json\/wp\/v2\/media?parent=19811"}],"wp:term":[{"taxonomy":"product_brand","embeddable":true,"href":"https:\/\/limage-et-le-livre.com\/en\/wp-json\/wp\/v2\/product_brand?post=19811"},{"taxonomy":"product_cat","embeddable":true,"href":"https:\/\/limage-et-le-livre.com\/en\/wp-json\/wp\/v2\/product_cat?post=19811"},{"taxonomy":"product_tag","embeddable":true,"href":"https:\/\/limage-et-le-livre.com\/en\/wp-json\/wp\/v2\/product_tag?post=19811"}],"curies":[{"name":"wp","href":"https:\/\/api.w.org\/{rel}","templated":true}]}}