{"id":19812,"date":"2025-03-19T14:55:45","date_gmt":"2025-03-19T13:55:45","guid":{"rendered":"https:\/\/limage-et-le-livre.com\/shop\/uncategorized\/gilder\/"},"modified":"2025-03-20T14:25:29","modified_gmt":"2025-03-20T13:25:29","slug":"gilder","status":"publish","type":"product","link":"https:\/\/limage-et-le-livre.com\/en\/books\/science-and-technology\/gilder\/","title":{"rendered":"Gilder"},"content":{"rendered":"<p>Complete file on the bookbinder&#8217;s trade from one of the eleven volumes of illustrations printed between 1762 and 1782 of &#8220;L&#8217;Encyclop\u00e9die ou Dictionnaire raisonn\u00e9 des sciences, des arts &amp; des m\u00e9tiers, par une Soci\u00e9t\u00e9 de Gens de lettres&#8221; by Diderot and d&#8217;Alembert. In folio, consisting of a page of explanations of the plates, followed by the engraved plates (plates I and II by Pr\u00e9vost): pl. I: &#8220;Doreur, sur m\u00e9taux&#8221; pl. II: &#8220;Doreur, sur M\u00e9taux&#8221; pl. III: &#8220;Doreur sur Cuir&#8221; pl. IV: &#8220;Doreur, sur Bois&#8221; These represent the tools used by gilders. Plates I, III and IV feature vignettes of the craftsmen at work. Good condition, plate IV: missing upper right corner without touching the bowl.      <\/p>\n<div id=\"gtx-trans\" style=\"position: absolute; left: -67px; top: -10px;\">\n<div class=\"gtx-trans-icon\"><\/div>\n<\/div>\n","protected":false},"excerpt":{"rendered":"<p>Complete file on the bookbinder&#8217;s trade from one of the eleven volumes of illustrations printed between 1762 and 1782 of<\/p>\n","protected":false},"featured_media":11507,"template":"","meta":[],"product_brand":[],"product_cat":[5342,5343],"product_tag":[5612],"class_list":{"0":"post-19812","1":"product","2":"type-product","3":"status-publish","4":"has-post-thumbnail","6":"product_cat-books","7":"product_cat-science-and-technology","8":"product_tag-encyclopedia","9":"pa_annee-de-publication-0-en","10":"pa_dimension-in-folio-en","11":"pa_editeur-briasson-david-le-breton-durand-en","12":"pa_etat-de-conservation-good","13":"pa_langue-french","14":"pa_lieu-de-publication-paris-en","15":"pa_nombre-de-page-5-en","16":"pa_type-couverture-no-cover","18":"first","19":"instock","20":"purchasable","21":"product-type-simple"},"_links":{"self":[{"href":"https:\/\/limage-et-le-livre.com\/en\/wp-json\/wp\/v2\/product\/19812","targetHints":{"allow":["GET"]}}],"collection":[{"href":"https:\/\/limage-et-le-livre.com\/en\/wp-json\/wp\/v2\/product"}],"about":[{"href":"https:\/\/limage-et-le-livre.com\/en\/wp-json\/wp\/v2\/types\/product"}],"version-history":[{"count":0,"href":"https:\/\/limage-et-le-livre.com\/en\/wp-json\/wp\/v2\/product\/19812\/revisions"}],"wp:featuredmedia":[{"embeddable":true,"href":"https:\/\/limage-et-le-livre.com\/en\/wp-json\/wp\/v2\/media\/11507"}],"wp:attachment":[{"href":"https:\/\/limage-et-le-livre.com\/en\/wp-json\/wp\/v2\/media?parent=19812"}],"wp:term":[{"taxonomy":"product_brand","embeddable":true,"href":"https:\/\/limage-et-le-livre.com\/en\/wp-json\/wp\/v2\/product_brand?post=19812"},{"taxonomy":"product_cat","embeddable":true,"href":"https:\/\/limage-et-le-livre.com\/en\/wp-json\/wp\/v2\/product_cat?post=19812"},{"taxonomy":"product_tag","embeddable":true,"href":"https:\/\/limage-et-le-livre.com\/en\/wp-json\/wp\/v2\/product_tag?post=19812"}],"curies":[{"name":"wp","href":"https:\/\/api.w.org\/{rel}","templated":true}]}}