{"id":19813,"date":"2025-03-19T14:55:48","date_gmt":"2025-03-19T13:55:48","guid":{"rendered":"https:\/\/limage-et-le-livre.com\/shop\/uncategorized\/lecons-de-chimie-professees-a-la-societe-chimique-de-paris\/"},"modified":"2025-03-20T14:25:27","modified_gmt":"2025-03-20T13:25:27","slug":"lecons-de-chimie-professees-a-la-societe-chimique-de-paris","status":"publish","type":"product","link":"https:\/\/limage-et-le-livre.com\/en\/books\/science-and-technology\/chemistry\/lecons-de-chimie-professees-a-la-societe-chimique-de-paris\/","title":{"rendered":"Le\u00e7ons De Chimie Profess\u00e9es \u00c0 La..."},"content":{"rendered":"<p>Paris, Hachette, 1861 to 1866; 5 volumes in-8 in half-chagrin. Chemistry lessons of 1860 published in 1861 (306 pp.), lessons of 1861 published in 1862 (254 pp.) with a folding engraving, lessons of 1862 published in 1863 (332 pp.), lessons of 1863 published in 1864 (312 pp.), lessons of 1864 and 1865 published in 1866 (458 pp.) with a folding engraving. Chemistry lessons taught from 1860 to 1865 by Pasteur, Cahours, Wurtz, Berthelot, Sainte-Claire, Deville, Barral, Dumas, Verdet, Jamin, Dubray, Lissajous, Cloez, Becquerel, Lamy, Grandeau, De Luynes, Descloiseaux. Includes Pasteur&#8217;s lectures on &#8220;Recherches sur la dissym\u00e9trie mol\u00e9culaire des produits organiques naturels&#8221; and on &#8220;Les corpuscules organis\u00e9s qui existent dans l&#8217;atmosph\u00e8re&#8221;, Pasteur&#8217;s first public communication on spontaneous generation. First edition in handsome uniform green half-chagrin bindings, ribbed spines, ornate boxes and gilt titles. Arms of the lyc\u00e9e imp\u00e9rial de Bar-le-Duc on the boards. First two volumes slightly rubbed.      <\/p>\n<div id=\"gtx-trans\" style=\"position: absolute; left: -67px; top: -10px;\">\n<div class=\"gtx-trans-icon\"><\/div>\n<\/div>\n","protected":false},"excerpt":{"rendered":"<p>Paris, Hachette, 1861 to 1866; 5 volumes in-8 in half-chagrin. Chemistry lessons of 1860 published in 1861 (306 pp.), lessons<\/p>\n","protected":false},"featured_media":11533,"template":"","meta":[],"product_brand":[],"product_cat":[5342,5346,5343],"product_tag":[],"class_list":{"0":"post-19813","1":"product","2":"type-product","3":"status-publish","4":"has-post-thumbnail","6":"product_cat-books","7":"product_cat-chemistry","8":"product_cat-science-and-technology","9":"pa_annee-de-publication-1860-en","10":"pa_dimension-in-8-en","11":"pa_editeur-hachette-en","12":"pa_etat-de-conservation-very-good","13":"pa_langue-french","14":"pa_lieu-de-publication-paris-en","15":"pa_type-couverture-hard-cover","16":"pa_volume-5-en","18":"first","19":"instock","20":"purchasable","21":"product-type-simple"},"_links":{"self":[{"href":"https:\/\/limage-et-le-livre.com\/en\/wp-json\/wp\/v2\/product\/19813","targetHints":{"allow":["GET"]}}],"collection":[{"href":"https:\/\/limage-et-le-livre.com\/en\/wp-json\/wp\/v2\/product"}],"about":[{"href":"https:\/\/limage-et-le-livre.com\/en\/wp-json\/wp\/v2\/types\/product"}],"version-history":[{"count":0,"href":"https:\/\/limage-et-le-livre.com\/en\/wp-json\/wp\/v2\/product\/19813\/revisions"}],"wp:featuredmedia":[{"embeddable":true,"href":"https:\/\/limage-et-le-livre.com\/en\/wp-json\/wp\/v2\/media\/11533"}],"wp:attachment":[{"href":"https:\/\/limage-et-le-livre.com\/en\/wp-json\/wp\/v2\/media?parent=19813"}],"wp:term":[{"taxonomy":"product_brand","embeddable":true,"href":"https:\/\/limage-et-le-livre.com\/en\/wp-json\/wp\/v2\/product_brand?post=19813"},{"taxonomy":"product_cat","embeddable":true,"href":"https:\/\/limage-et-le-livre.com\/en\/wp-json\/wp\/v2\/product_cat?post=19813"},{"taxonomy":"product_tag","embeddable":true,"href":"https:\/\/limage-et-le-livre.com\/en\/wp-json\/wp\/v2\/product_tag?post=19813"}],"curies":[{"name":"wp","href":"https:\/\/api.w.org\/{rel}","templated":true}]}}