{"id":19835,"date":"2025-03-19T14:56:00","date_gmt":"2025-03-19T13:56:00","guid":{"rendered":"https:\/\/limage-et-le-livre.com\/shop\/uncategorized\/la-chelonomie-or-le-parfait-luthier\/"},"modified":"2025-03-20T14:25:41","modified_gmt":"2025-03-20T13:25:41","slug":"la-chelonomie-or-le-parfait-luthier","status":"publish","type":"product","link":"https:\/\/limage-et-le-livre.com\/en\/books\/fine-arts\/music\/la-chelonomie-or-le-parfait-luthier\/","title":{"rendered":"La Ch\u00e9lonomie Or Le Parfait Luthier"},"content":{"rendered":"<p>Brussels, Loosfelt, 1885; in-12 (163x114mm), 11 pp, VI, 227 pp. Later Bradel binding, title-piece. &#8220;Recherches sur la facture et la restauration des instruments \u00e0 archet; augment\u00e9e d&#8217;une NOTICE et d&#8217;un APPENDICE donnant la nomenclature des principaux Luthiers du XVe au XIXe si\u00e8cle, la description des violons les plus recherch\u00e9s, leur date de fabrication, leur valeur, les caract\u00e8res \u00e0 l&#8217;aide desquels on les recon-na\u00eetre, par L. DE PRATIS&#8221;. Abb\u00e9 Sibire has laid out the knowledge of luthier Nicolas Lupot, nicknamed the &#8220;French Stradivarius&#8221;. Covers preserved, complete with frontispiece. A rare work.     <\/p>\n<div id=\"gtx-trans\" style=\"position: absolute; left: -67px; top: -10px;\">\n<div class=\"gtx-trans-icon\"><\/div>\n<\/div>\n","protected":false},"excerpt":{"rendered":"<p>Brussels, Loosfelt, 1885; in-12 (163x114mm), 11 pp, VI, 227 pp. Later Bradel binding, title-piece. &#8220;Recherches sur la facture et la<\/p>\n","protected":false},"featured_media":11599,"template":"","meta":[],"product_brand":[],"product_cat":[5342,5353,5366],"product_tag":[],"class_list":{"0":"post-19835","1":"product","2":"type-product","3":"status-publish","4":"has-post-thumbnail","6":"product_cat-books","7":"product_cat-fine-arts","8":"product_cat-music","9":"pa_annee-de-publication-1885-en","10":"pa_dimension-in-12-en","11":"pa_editeur-a-loosfelt-en","12":"pa_etat-de-conservation-very-good","13":"pa_langue-french","14":"pa_lieu-de-publication-brussels","15":"pa_type-couverture-hard-cover","17":"first","18":"instock","19":"purchasable","20":"product-type-simple"},"_links":{"self":[{"href":"https:\/\/limage-et-le-livre.com\/en\/wp-json\/wp\/v2\/product\/19835","targetHints":{"allow":["GET"]}}],"collection":[{"href":"https:\/\/limage-et-le-livre.com\/en\/wp-json\/wp\/v2\/product"}],"about":[{"href":"https:\/\/limage-et-le-livre.com\/en\/wp-json\/wp\/v2\/types\/product"}],"version-history":[{"count":0,"href":"https:\/\/limage-et-le-livre.com\/en\/wp-json\/wp\/v2\/product\/19835\/revisions"}],"wp:featuredmedia":[{"embeddable":true,"href":"https:\/\/limage-et-le-livre.com\/en\/wp-json\/wp\/v2\/media\/11599"}],"wp:attachment":[{"href":"https:\/\/limage-et-le-livre.com\/en\/wp-json\/wp\/v2\/media?parent=19835"}],"wp:term":[{"taxonomy":"product_brand","embeddable":true,"href":"https:\/\/limage-et-le-livre.com\/en\/wp-json\/wp\/v2\/product_brand?post=19835"},{"taxonomy":"product_cat","embeddable":true,"href":"https:\/\/limage-et-le-livre.com\/en\/wp-json\/wp\/v2\/product_cat?post=19835"},{"taxonomy":"product_tag","embeddable":true,"href":"https:\/\/limage-et-le-livre.com\/en\/wp-json\/wp\/v2\/product_tag?post=19835"}],"curies":[{"name":"wp","href":"https:\/\/api.w.org\/{rel}","templated":true}]}}