{"id":19846,"date":"2025-03-19T14:56:05","date_gmt":"2025-03-19T13:56:05","guid":{"rendered":"https:\/\/limage-et-le-livre.com\/shop\/uncategorized\/lettres-philosophiques-sur-lintelligence-et-la-perfectibilite-des-animaux-avec-quelques-lettres-surlhomme\/"},"modified":"2025-03-20T14:25:46","modified_gmt":"2025-03-20T13:25:46","slug":"lettres-philosophiques-sur-lintelligence-et-la-perfectibilite-des-animaux-avec-quelques-lettres-surlhomme","status":"publish","type":"product","link":"https:\/\/limage-et-le-livre.com\/en\/books\/science-and-technology\/lettres-philosophiques-sur-lintelligence-et-la-perfectibilite-des-animaux-avec-quelques-lettres-surlhomme\/","title":{"rendered":"Lettres Philosophiques Sur L&#8217;Intelligence Et La..."},"content":{"rendered":"<p>Paris, chez Bossange, Masson et Besson, 1802; in-8 (200x130mm), XX, 328 pp. Half calf, titled spine. &#8220;Par Charles-Georges Leroy, sous le nom du &#8220;phisicien de Nuremberg&#8221;. Nouvelle \u00e9dition, \u00e0 laquelle on a joint des Lettres posthumes sur l&#8217;Homme, du m\u00eame auteur.&#8221; Leroy inherits his father&#8217;s position as commander of the gamekeepers in the Versailles and Marly parks. He wrote articles for Diderot&#8217;s Encyclop\u00e9die, as well as letters on animals, all attributed to the &#8220;Physician of Nuremberg&#8221;, published in the supplement to the Gazette litt\u00e9raire de l&#8217;Europe, which were collected and published in 1781 under his name. Epidermure on spine, very slight foxing.      A good copy.<\/p>\n<div id=\"gtx-trans\" style=\"position: absolute; left: -67px; top: -10px;\">\n<div class=\"gtx-trans-icon\"><\/div>\n<\/div>\n","protected":false},"excerpt":{"rendered":"<p>Paris, chez Bossange, Masson et Besson, 1802; in-8 (200x130mm), XX, 328 pp. Half calf, titled spine. &#8220;Par Charles-Georges Leroy, sous<\/p>\n","protected":false},"featured_media":11625,"template":"","meta":[],"product_brand":[],"product_cat":[5342,5343],"product_tag":[],"class_list":{"0":"post-19846","1":"product","2":"type-product","3":"status-publish","4":"has-post-thumbnail","6":"product_cat-books","7":"product_cat-science-and-technology","8":"pa_annee-de-publication-1802-en","9":"pa_dimension-in-8-en","10":"pa_editeur-at-bossange-masson-and-besson","11":"pa_etat-de-conservation-very-good","12":"pa_langue-french","13":"pa_lieu-de-publication-paris-en","14":"pa_type-couverture-hard-cover","16":"first","17":"outofstock","18":"purchasable","19":"product-type-simple"},"_links":{"self":[{"href":"https:\/\/limage-et-le-livre.com\/en\/wp-json\/wp\/v2\/product\/19846","targetHints":{"allow":["GET"]}}],"collection":[{"href":"https:\/\/limage-et-le-livre.com\/en\/wp-json\/wp\/v2\/product"}],"about":[{"href":"https:\/\/limage-et-le-livre.com\/en\/wp-json\/wp\/v2\/types\/product"}],"version-history":[{"count":0,"href":"https:\/\/limage-et-le-livre.com\/en\/wp-json\/wp\/v2\/product\/19846\/revisions"}],"wp:featuredmedia":[{"embeddable":true,"href":"https:\/\/limage-et-le-livre.com\/en\/wp-json\/wp\/v2\/media\/11625"}],"wp:attachment":[{"href":"https:\/\/limage-et-le-livre.com\/en\/wp-json\/wp\/v2\/media?parent=19846"}],"wp:term":[{"taxonomy":"product_brand","embeddable":true,"href":"https:\/\/limage-et-le-livre.com\/en\/wp-json\/wp\/v2\/product_brand?post=19846"},{"taxonomy":"product_cat","embeddable":true,"href":"https:\/\/limage-et-le-livre.com\/en\/wp-json\/wp\/v2\/product_cat?post=19846"},{"taxonomy":"product_tag","embeddable":true,"href":"https:\/\/limage-et-le-livre.com\/en\/wp-json\/wp\/v2\/product_tag?post=19846"}],"curies":[{"name":"wp","href":"https:\/\/api.w.org\/{rel}","templated":true}]}}